{"id":182,"date":"2025-10-29T10:56:37","date_gmt":"2025-10-29T10:56:37","guid":{"rendered":"https:\/\/gradevluthoradea.com\/?page_id=182"},"modified":"2025-11-25T16:27:53","modified_gmt":"2025-11-25T16:27:53","slug":"disponibilitate","status":"publish","type":"page","link":"https:\/\/gradevluthoradea.com\/ro\/disponibilitate\/","title":{"rendered":"Contact"},"content":{"rendered":"<div data-elementor-type=\"wp-page\" data-elementor-id=\"182\" class=\"elementor elementor-182\" data-elementor-post-type=\"page\">\n\t\t\t\t<div class=\"elementor-element elementor-element-46a33d2b e-flex e-con-boxed e-con e-parent\" data-id=\"46a33d2b\" data-element_type=\"container\" data-settings=\"{&quot;background_background&quot;:&quot;classic&quot;,&quot;shape_divider_bottom&quot;:&quot;waves&quot;,&quot;shape_divider_bottom_negative&quot;:&quot;yes&quot;,&quot;background_motion_fx_motion_fx_mouse&quot;:&quot;yes&quot;,&quot;background_motion_fx_mouseTrack_effect&quot;:&quot;yes&quot;,&quot;background_motion_fx_mouseTrack_speed&quot;:{&quot;unit&quot;:&quot;px&quot;,&quot;size&quot;:0.1,&quot;sizes&quot;:[]}}\">\n\t\t\t\t\t<div class=\"e-con-inner\">\n\t\t\t\t<div class=\"elementor-shape elementor-shape-bottom\" aria-hidden=\"true\" data-negative=\"true\">\n\t\t\t<svg xmlns=\"http:\/\/www.w3.org\/2000\/svg\" viewbox=\"0 0 1000 100\" preserveaspectratio=\"none\">\n\t<path class=\"elementor-shape-fill\" d=\"M790.5,93.1c-59.3-5.3-116.8-18-192.6-50c-29.6-12.7-76.9-31-100.5-35.9c-23.6-4.9-52.6-7.8-75.5-5.3\tc-10.2,1.1-22.6,1.4-50.1,7.4c-27.2,6.3-58.2,16.6-79.4,24.7c-41.3,15.9-94.9,21.9-134,22.6C72,58.2,0,25.8,0,25.8V100h1000V65.3\tc0,0-51.5,19.4-106.2,25.7C839.5,97,814.1,95.2,790.5,93.1z\"\/>\n<\/svg>\t\t<\/div>\n\t\t<div class=\"elementor-element elementor-element-3d17d882 e-con-full e-flex e-con e-child\" data-id=\"3d17d882\" data-element_type=\"container\">\n\t\t\t\t<div class=\"elementor-element elementor-element-449540bc elementor-invisible elementor-widget elementor-widget-heading\" data-id=\"449540bc\" data-element_type=\"widget\" data-settings=\"{&quot;_animation&quot;:&quot;fadeInUp&quot;,&quot;_animation_delay&quot;:200}\" data-widget_type=\"heading.default\">\n\t\t\t\t\t<h1 class=\"elementor-heading-title elementor-size-default\">Disponibilitate<\/h1>\t\t\t\t<\/div>\n\t\t\t\t<div class=\"elementor-element elementor-element-6963dd21 elementor-invisible elementor-widget elementor-widget-heading\" data-id=\"6963dd21\" data-element_type=\"widget\" data-settings=\"{&quot;_animation&quot;:&quot;fadeInDown&quot;,&quot;_animation_delay&quot;:300}\" data-widget_type=\"heading.default\">\n\t\t\t\t\t<h4 class=\"elementor-heading-title elementor-size-default\">Contacta\u021bi-ne \u0219i descoperi\u021bi mai multe\n<\/h4>\t\t\t\t<\/div>\n\t\t\t\t<\/div>\n\t\t\t\t\t<\/div>\n\t\t\t\t<\/div>\n\t\t<div class=\"elementor-element elementor-element-188bb77 e-flex e-con-boxed e-con e-parent\" data-id=\"188bb77\" data-element_type=\"container\">\n\t\t\t\t\t<div class=\"e-con-inner\">\n\t\t<div class=\"elementor-element elementor-element-2682c808 e-con-full e-flex elementor-invisible e-con e-child\" data-id=\"2682c808\" data-element_type=\"container\" data-settings=\"{&quot;animation&quot;:&quot;fadeInLeft&quot;}\">\n\t\t\t\t<div class=\"elementor-element elementor-element-1a93c0cb elementor-widget elementor-widget-heading\" data-id=\"1a93c0cb\" data-element_type=\"widget\" data-widget_type=\"heading.default\">\n\t\t\t\t\t<h6 class=\"elementor-heading-title elementor-size-default\">Contacta\u0163i-ne.<\/h6>\t\t\t\t<\/div>\n\t\t\t\t<div class=\"elementor-element elementor-element-2e5bb4a4 elementor-widget elementor-widget-heading\" data-id=\"2e5bb4a4\" data-element_type=\"widget\" data-widget_type=\"heading.default\">\n\t\t\t\t\t<h2 class=\"elementor-heading-title elementor-size-default\">A Nagyv\u00e1radi Hossz\u00edtott Program\u00fa Evang\u00e9likus&nbsp;\u00d3voda az\u00e9rt van itt, hogy t\u00e1mogassa a sz\u00fcl\u0151ket \u00e9s a csal\u00e1dokat\n<\/h2>\t\t\t\t<\/div>\n\t\t<div class=\"elementor-element elementor-element-5a64e92a e-grid e-con-full e-con e-child\" data-id=\"5a64e92a\" data-element_type=\"container\">\n\t\t\t\t<div class=\"elementor-element elementor-element-758a9e10 elementor-view-stacked elementor-shape-rounded elementor-position-left elementor-mobile-position-left elementor-widget elementor-widget-icon-box\" data-id=\"758a9e10\" data-element_type=\"widget\" data-widget_type=\"icon-box.default\">\n\t\t\t\t\t\t\t<div class=\"elementor-icon-box-wrapper\">\n\n\t\t\t\t\t\t<div class=\"elementor-icon-box-icon\">\n\t\t\t\t<span  class=\"elementor-icon\">\n\t\t\t\t<i aria-hidden=\"true\" class=\"mdi mdi-map-marker\"><\/i>\t\t\t\t<\/span>\n\t\t\t<\/div>\n\t\t\t\n\t\t\t\t\t\t<div class=\"elementor-icon-box-content\">\n\n\t\t\t\t\t\t\t\t\t<div class=\"elementor-icon-box-title\">\n\t\t\t\t\t\t<span  >\n\t\t\t\t\t\t\tBiroul Central\t\t\t\t\t\t<\/span>\n\t\t\t\t\t<\/div>\n\t\t\t\t\n\t\t\t\t\t\t\t\t\t<p class=\"elementor-icon-box-description\">\n\t\t\t\t\t\tOradea, str. Tudor Vladimirescu 26\t\t\t\t\t<\/p>\n\t\t\t\t\n\t\t\t<\/div>\n\t\t\t\n\t\t<\/div>\n\t\t\t\t\t\t<\/div>\n\t\t\t\t<div class=\"elementor-element elementor-element-40086d9d elementor-view-stacked elementor-shape-rounded elementor-position-left elementor-mobile-position-left elementor-widget elementor-widget-icon-box\" data-id=\"40086d9d\" data-element_type=\"widget\" data-widget_type=\"icon-box.default\">\n\t\t\t\t\t\t\t<div class=\"elementor-icon-box-wrapper\">\n\n\t\t\t\t\t\t<div class=\"elementor-icon-box-icon\">\n\t\t\t\t<span  class=\"elementor-icon\">\n\t\t\t\t<i aria-hidden=\"true\" class=\"mdi mdi-email\"><\/i>\t\t\t\t<\/span>\n\t\t\t<\/div>\n\t\t\t\n\t\t\t\t\t\t<div class=\"elementor-icon-box-content\">\n\n\t\t\t\t\t\t\t\t\t<div class=\"elementor-icon-box-title\">\n\t\t\t\t\t\t<span  >\n\t\t\t\t\t\t\tE-mail\t\t\t\t\t\t<\/span>\n\t\t\t\t\t<\/div>\n\t\t\t\t\n\t\t\t\t\t\t\t\t\t<p class=\"elementor-icon-box-description\">\n\t\t\t\t\t\tmatyas.judit@yahoo.com\n\t\t\t\t\t<\/p>\n\t\t\t\t\n\t\t\t<\/div>\n\t\t\t\n\t\t<\/div>\n\t\t\t\t\t\t<\/div>\n\t\t\t\t<div class=\"elementor-element elementor-element-40577908 elementor-view-stacked elementor-shape-rounded elementor-position-left elementor-mobile-position-left elementor-widget elementor-widget-icon-box\" data-id=\"40577908\" data-element_type=\"widget\" data-widget_type=\"icon-box.default\">\n\t\t\t\t\t\t\t<div class=\"elementor-icon-box-wrapper\">\n\n\t\t\t\t\t\t<div class=\"elementor-icon-box-icon\">\n\t\t\t\t<span  class=\"elementor-icon\">\n\t\t\t\t<i aria-hidden=\"true\" class=\"mdi mdi-phone\"><\/i>\t\t\t\t<\/span>\n\t\t\t<\/div>\n\t\t\t\n\t\t\t\t\t\t<div class=\"elementor-icon-box-content\">\n\n\t\t\t\t\t\t\t\t\t<div class=\"elementor-icon-box-title\">\n\t\t\t\t\t\t<span  >\n\t\t\t\t\t\t\tNum\u0103r de telefon\t\t\t\t\t\t<\/span>\n\t\t\t\t\t<\/div>\n\t\t\t\t\n\t\t\t\t\t\t\t\t\t<p class=\"elementor-icon-box-description\">\n\t\t\t\t\t\tJudit Matyas: +40729082547\n <br>\nKatalin Sziraczki: +40773814736\n\t\t\t\t\t<\/p>\n\t\t\t\t\n\t\t\t<\/div>\n\t\t\t\n\t\t<\/div>\n\t\t\t\t\t\t<\/div>\n\t\t\t\t<div class=\"elementor-element elementor-element-50d38004 elementor-view-stacked elementor-shape-rounded elementor-position-left elementor-mobile-position-left elementor-widget elementor-widget-icon-box\" data-id=\"50d38004\" data-element_type=\"widget\" data-widget_type=\"icon-box.default\">\n\t\t\t\t\t\t\t<div class=\"elementor-icon-box-wrapper\">\n\n\t\t\t\t\t\t<div class=\"elementor-icon-box-icon\">\n\t\t\t\t<span  class=\"elementor-icon\">\n\t\t\t\t<i aria-hidden=\"true\" class=\"mdi mdi-clock-time-nine\"><\/i>\t\t\t\t<\/span>\n\t\t\t<\/div>\n\t\t\t\n\t\t\t\t\t\t<div class=\"elementor-icon-box-content\">\n\n\t\t\t\t\t\t\t\t\t<div class=\"elementor-icon-box-title\">\n\t\t\t\t\t\t<span  >\n\t\t\t\t\t\t\tRegistru\t\t\t\t\t\t<\/span>\n\t\t\t\t\t<\/div>\n\t\t\t\t\n\t\t\t\t\t\t\t\t\t<p class=\"elementor-icon-box-description\">\n\t\t\t\t\t\tLuni-Vineri: <br>\n7:00 - 17:00\t\t\t\t\t<\/p>\n\t\t\t\t\n\t\t\t<\/div>\n\t\t\t\n\t\t<\/div>\n\t\t\t\t\t\t<\/div>\n\t\t\t\t<\/div>\n\t\t\t\t<\/div>\n\t\t<div class=\"elementor-element elementor-element-5dc41ce6 e-con-full e-flex elementor-invisible e-con e-child\" data-id=\"5dc41ce6\" data-element_type=\"container\" data-settings=\"{&quot;animation&quot;:&quot;fadeInRight&quot;,&quot;animation_delay&quot;:300}\">\n\t\t\t\t<div class=\"elementor-element elementor-element-4a09b0f4 elementor-invisible elementor-widget elementor-widget-google_maps\" data-id=\"4a09b0f4\" data-element_type=\"widget\" data-settings=\"{&quot;_animation&quot;:&quot;fadeInLeft&quot;,&quot;_animation_delay&quot;:300}\" data-widget_type=\"google_maps.default\">\n\t\t\t\t\t\t\t<div class=\"elementor-custom-embed\">\n\t\t\t<iframe loading=\"lazy\"\n\t\t\t\t\tsrc=\"https:\/\/maps.google.com\/maps?q=Nagyv%C3%A1rad%2C%20Tudor%20Vladimirescu%2026&#038;t=m&#038;z=14&#038;output=embed&#038;iwloc=near\"\n\t\t\t\t\ttitle=\"Oradea, Tudor Vladimirescu 26\"\n\t\t\t\t\taria-label=\"Oradea, Tudor Vladimirescu 26\"\n\t\t\t><\/iframe>\n\t\t<\/div>\n\t\t\t\t\t\t<\/div>\n\t\t\t\t<\/div>\n\t\t\t\t\t<\/div>\n\t\t\t\t<\/div>\n\t\t\t\t<\/div>","protected":false},"excerpt":{"rendered":"<p>El\u00e9rhet\u0151s\u00e9g L\u00e9pjen kapcsolatba vel\u00fcnk, \u00e9s fedezzen fel t\u00f6bbet Vegye fel a kapcsolatot vel\u00fcnk. A Nagyv\u00e1radi Hossz\u00edtott Program\u00fa Evang\u00e9likus&nbsp;\u00d3voda az\u00e9rt van itt, hogy t\u00e1mogassa a sz\u00fcl\u0151ket \u00e9s a csal\u00e1dokat K\u00f6zponti Iroda Nagyv\u00e1rad, Tudor Vladimirescu utca 26.sz\u00e1m Email matyas.judit@yahoo.com Telefonsz\u00e1m M\u00e1ty\u00e1s Judit: +40729082547\u202c Szir\u00e1czki Katalin: +40773814736\u202c Nyilv\u00e1ntart\u00e1s H\u00e9tf\u0151-p\u00e9ntek: 7:00 &#8211; 17:00<\/p>","protected":false},"author":1,"featured_media":0,"parent":0,"menu_order":0,"comment_status":"closed","ping_status":"closed","template":"elementor_header_footer","meta":{"footnotes":""},"class_list":["post-182","page","type-page","status-publish","hentry"],"yoast_head":"<!-- This site is optimized with the Yoast SEO Premium plugin v26.2 (Yoast SEO v26.2) - https:\/\/yoast.com\/wordpress\/plugins\/seo\/ -->\n<title>Kapcsolat \u2013 Nagyv\u00e1radi Evang\u00e9likus Luther\u00e1nus \u00d3voda<\/title>\n<meta name=\"description\" content=\"L\u00e9pj kapcsolatba vel\u00fcnk! C\u00edm, telefonsz\u00e1m, e-mail \u00e9s \u00fatvonal a Nagyv\u00e1radi Evang\u00e9likus Luther\u00e1nus \u00d3vod\u00e1hoz.\" \/>\n<meta name=\"robots\" content=\"index, follow, max-snippet:-1, max-image-preview:large, max-video-preview:-1\" \/>\n<link rel=\"canonical\" href=\"https:\/\/gradevluthoradea.com\/ro\/disponibilitate\/\" \/>\n<meta property=\"og:locale\" content=\"ro_RO\" \/>\n<meta property=\"og:type\" content=\"article\" \/>\n<meta property=\"og:title\" content=\"Contact\" \/>\n<meta property=\"og:description\" content=\"L\u00e9pj kapcsolatba vel\u00fcnk! C\u00edm, telefonsz\u00e1m, e-mail \u00e9s \u00fatvonal a Nagyv\u00e1radi Evang\u00e9likus Luther\u00e1nus \u00d3vod\u00e1hoz.\" \/>\n<meta property=\"og:url\" content=\"https:\/\/gradevluthoradea.com\/ro\/disponibilitate\/\" \/>\n<meta property=\"og:site_name\" content=\"Nagyv\u00e1radi Evang\u00e9likus Luther\u00e1nus \u00d3voda Hossz\u00fa Programmal\" \/>\n<meta property=\"article:modified_time\" content=\"2025-11-25T16:27:53+00:00\" \/>\n<meta name=\"twitter:card\" content=\"summary_large_image\" \/>\n<meta name=\"twitter:label1\" content=\"Timp estimat pentru citire\" \/>\n\t<meta name=\"twitter:data1\" content=\"1 minut\" \/>\n<script type=\"application\/ld+json\" class=\"yoast-schema-graph\">{\"@context\":\"https:\/\/schema.org\",\"@graph\":[{\"@type\":\"WebPage\",\"@id\":\"https:\/\/gradevluthoradea.com\/elerhetoseg\/\",\"url\":\"https:\/\/gradevluthoradea.com\/elerhetoseg\/\",\"name\":\"Kapcsolat \u2013 Nagyv\u00e1radi Evang\u00e9likus Luther\u00e1nus \u00d3voda\",\"isPartOf\":{\"@id\":\"https:\/\/gradevluthoradea.com\/#website\"},\"datePublished\":\"2025-10-29T10:56:37+00:00\",\"dateModified\":\"2025-11-25T16:27:53+00:00\",\"description\":\"L\u00e9pj kapcsolatba vel\u00fcnk! C\u00edm, telefonsz\u00e1m, e-mail \u00e9s \u00fatvonal a Nagyv\u00e1radi Evang\u00e9likus Luther\u00e1nus \u00d3vod\u00e1hoz.\",\"breadcrumb\":{\"@id\":\"https:\/\/gradevluthoradea.com\/elerhetoseg\/#breadcrumb\"},\"inLanguage\":\"ro-RO\",\"potentialAction\":[{\"@type\":\"ReadAction\",\"target\":[\"https:\/\/gradevluthoradea.com\/elerhetoseg\/\"]}]},{\"@type\":\"BreadcrumbList\",\"@id\":\"https:\/\/gradevluthoradea.com\/elerhetoseg\/#breadcrumb\",\"itemListElement\":[{\"@type\":\"ListItem\",\"position\":1,\"name\":\"Home\",\"item\":\"https:\/\/gradevluthoradea.com\/\"},{\"@type\":\"ListItem\",\"position\":2,\"name\":\"Contact\"}]},{\"@type\":\"WebSite\",\"@id\":\"https:\/\/gradevluthoradea.com\/#website\",\"url\":\"https:\/\/gradevluthoradea.com\/\",\"name\":\"Nagyv\u00e1radi Evang\u00e9likus Luther\u00e1nus \u00d3voda (Hossz\u00fa Programmal)\",\"description\":\"\",\"publisher\":{\"@id\":\"https:\/\/gradevluthoradea.com\/#organization\"},\"potentialAction\":[{\"@type\":\"SearchAction\",\"target\":{\"@type\":\"EntryPoint\",\"urlTemplate\":\"https:\/\/gradevluthoradea.com\/?s={search_term_string}\"},\"query-input\":{\"@type\":\"PropertyValueSpecification\",\"valueRequired\":true,\"valueName\":\"search_term_string\"}}],\"inLanguage\":\"ro-RO\"},{\"@type\":\"Organization\",\"@id\":\"https:\/\/gradevluthoradea.com\/#organization\",\"name\":\"Nagyv\u00e1radi Evang\u00e9likus Luther\u00e1nus \u00d3voda (Hossz\u00fa Programmal)\",\"url\":\"https:\/\/gradevluthoradea.com\/\",\"logo\":{\"@type\":\"ImageObject\",\"inLanguage\":\"ro-RO\",\"@id\":\"https:\/\/gradevluthoradea.com\/#\/schema\/logo\/image\/\",\"url\":\"https:\/\/gradevluthoradea.com\/wp-content\/uploads\/2025\/10\/img_8.png\",\"contentUrl\":\"https:\/\/gradevluthoradea.com\/wp-content\/uploads\/2025\/10\/img_8.png\",\"width\":720,\"height\":720,\"caption\":\"Nagyv\u00e1radi Evang\u00e9likus Luther\u00e1nus \u00d3voda (Hossz\u00fa Programmal)\"},\"image\":{\"@id\":\"https:\/\/gradevluthoradea.com\/#\/schema\/logo\/image\/\"}}]}<\/script>\n<!-- \/ Yoast SEO Premium plugin. -->","yoast_head_json":{"title":"Contact \u2013 Gr\u0103dini\u021ba Evanghelic\u0103 Luteran\u0103 Oradea","description":"Contacta\u021bi-ne! Adres\u0103, num\u0103r de telefon, email \u0219i indica\u021bii rutiere c\u0103tre Gr\u0103dini\u021ba Evanghelic\u0103 Luteran\u0103 din Oradea.","robots":{"index":"index","follow":"follow","max-snippet":"max-snippet:-1","max-image-preview":"max-image-preview:large","max-video-preview":"max-video-preview:-1"},"canonical":"https:\/\/gradevluthoradea.com\/ro\/disponibilitate\/","og_locale":"ro_RO","og_type":"article","og_title":"Contact","og_description":"L\u00e9pj kapcsolatba vel\u00fcnk! C\u00edm, telefonsz\u00e1m, e-mail \u00e9s \u00fatvonal a Nagyv\u00e1radi Evang\u00e9likus Luther\u00e1nus \u00d3vod\u00e1hoz.","og_url":"https:\/\/gradevluthoradea.com\/ro\/disponibilitate\/","og_site_name":"Nagyv\u00e1radi Evang\u00e9likus Luther\u00e1nus \u00d3voda Hossz\u00fa Programmal","article_modified_time":"2025-11-25T16:27:53+00:00","twitter_card":"summary_large_image","twitter_misc":{"Timp estimat pentru citire":"1 minut"},"schema":{"@context":"https:\/\/schema.org","@graph":[{"@type":"WebPage","@id":"https:\/\/gradevluthoradea.com\/elerhetoseg\/","url":"https:\/\/gradevluthoradea.com\/elerhetoseg\/","name":"Contact \u2013 Gr\u0103dini\u021ba Evanghelic\u0103 Luteran\u0103 Oradea","isPartOf":{"@id":"https:\/\/gradevluthoradea.com\/#website"},"datePublished":"2025-10-29T10:56:37+00:00","dateModified":"2025-11-25T16:27:53+00:00","description":"Contacta\u021bi-ne! Adres\u0103, num\u0103r de telefon, email \u0219i indica\u021bii rutiere c\u0103tre Gr\u0103dini\u021ba Evanghelic\u0103 Luteran\u0103 din Oradea.","breadcrumb":{"@id":"https:\/\/gradevluthoradea.com\/elerhetoseg\/#breadcrumb"},"inLanguage":"ro-RO","potentialAction":[{"@type":"ReadAction","target":["https:\/\/gradevluthoradea.com\/elerhetoseg\/"]}]},{"@type":"BreadcrumbList","@id":"https:\/\/gradevluthoradea.com\/elerhetoseg\/#breadcrumb","itemListElement":[{"@type":"ListItem","position":1,"name":"Home","item":"https:\/\/gradevluthoradea.com\/"},{"@type":"ListItem","position":2,"name":"Contact"}]},{"@type":"WebSite","@id":"https:\/\/gradevluthoradea.com\/#website","url":"https:\/\/gradevluthoradea.com\/","name":"Gr\u0103dini\u021ba Evanghelic\u0103 Luteran\u0103 Oradea (cu Program Lung)","description":"","publisher":{"@id":"https:\/\/gradevluthoradea.com\/#organization"},"potentialAction":[{"@type":"SearchAction","target":{"@type":"EntryPoint","urlTemplate":"https:\/\/gradevluthoradea.com\/?s={search_term_string}"},"query-input":{"@type":"PropertyValueSpecification","valueRequired":true,"valueName":"search_term_string"}}],"inLanguage":"ro-RO"},{"@type":"Organization","@id":"https:\/\/gradevluthoradea.com\/#organization","name":"Gr\u0103dini\u021ba Evanghelic\u0103 Luteran\u0103 Oradea (cu Program Lung)","url":"https:\/\/gradevluthoradea.com\/","logo":{"@type":"ImageObject","inLanguage":"ro-RO","@id":"https:\/\/gradevluthoradea.com\/#\/schema\/logo\/image\/","url":"https:\/\/gradevluthoradea.com\/wp-content\/uploads\/2025\/10\/img_8.png","contentUrl":"https:\/\/gradevluthoradea.com\/wp-content\/uploads\/2025\/10\/img_8.png","width":720,"height":720,"caption":"Nagyv\u00e1radi Evang\u00e9likus Luther\u00e1nus \u00d3voda (Hossz\u00fa Programmal)"},"image":{"@id":"https:\/\/gradevluthoradea.com\/#\/schema\/logo\/image\/"}}]}},"_hostinger_reach_plugin_has_subscription_block":false,"_hostinger_reach_plugin_is_elementor":false,"_links":{"self":[{"href":"https:\/\/gradevluthoradea.com\/ro\/wp-json\/wp\/v2\/pages\/182","targetHints":{"allow":["GET"]}}],"collection":[{"href":"https:\/\/gradevluthoradea.com\/ro\/wp-json\/wp\/v2\/pages"}],"about":[{"href":"https:\/\/gradevluthoradea.com\/ro\/wp-json\/wp\/v2\/types\/page"}],"author":[{"embeddable":true,"href":"https:\/\/gradevluthoradea.com\/ro\/wp-json\/wp\/v2\/users\/1"}],"replies":[{"embeddable":true,"href":"https:\/\/gradevluthoradea.com\/ro\/wp-json\/wp\/v2\/comments?post=182"}],"version-history":[{"count":28,"href":"https:\/\/gradevluthoradea.com\/ro\/wp-json\/wp\/v2\/pages\/182\/revisions"}],"predecessor-version":[{"id":924,"href":"https:\/\/gradevluthoradea.com\/ro\/wp-json\/wp\/v2\/pages\/182\/revisions\/924"}],"wp:attachment":[{"href":"https:\/\/gradevluthoradea.com\/ro\/wp-json\/wp\/v2\/media?parent=182"}],"curies":[{"name":"wp","href":"https:\/\/api.w.org\/{rel}","templated":true}]}}