{"id":333,"date":"2025-10-29T13:02:56","date_gmt":"2025-10-29T13:02:56","guid":{"rendered":"https:\/\/gradevluthoradea.com\/?page_id=333"},"modified":"2025-11-26T15:32:38","modified_gmt":"2025-11-26T15:32:38","slug":"documente","status":"publish","type":"page","link":"https:\/\/gradevluthoradea.com\/ro\/documente\/","title":{"rendered":"Documente"},"content":{"rendered":"<div data-elementor-type=\"wp-page\" data-elementor-id=\"333\" class=\"elementor elementor-333\" data-elementor-post-type=\"page\">\n\t\t\t\t<div class=\"elementor-element elementor-element-379fdf3c e-flex e-con-boxed e-con e-parent\" data-id=\"379fdf3c\" data-element_type=\"container\" data-settings=\"{&quot;background_background&quot;:&quot;classic&quot;,&quot;shape_divider_bottom&quot;:&quot;waves&quot;,&quot;shape_divider_bottom_negative&quot;:&quot;yes&quot;,&quot;background_motion_fx_motion_fx_mouse&quot;:&quot;yes&quot;,&quot;background_motion_fx_mouseTrack_effect&quot;:&quot;yes&quot;,&quot;background_motion_fx_mouseTrack_speed&quot;:{&quot;unit&quot;:&quot;px&quot;,&quot;size&quot;:0.1,&quot;sizes&quot;:[]}}\">\n\t\t\t\t\t<div class=\"e-con-inner\">\n\t\t\t\t<div class=\"elementor-shape elementor-shape-bottom\" aria-hidden=\"true\" data-negative=\"true\">\n\t\t\t<svg xmlns=\"http:\/\/www.w3.org\/2000\/svg\" viewbox=\"0 0 1000 100\" preserveaspectratio=\"none\">\n\t<path class=\"elementor-shape-fill\" d=\"M790.5,93.1c-59.3-5.3-116.8-18-192.6-50c-29.6-12.7-76.9-31-100.5-35.9c-23.6-4.9-52.6-7.8-75.5-5.3\tc-10.2,1.1-22.6,1.4-50.1,7.4c-27.2,6.3-58.2,16.6-79.4,24.7c-41.3,15.9-94.9,21.9-134,22.6C72,58.2,0,25.8,0,25.8V100h1000V65.3\tc0,0-51.5,19.4-106.2,25.7C839.5,97,814.1,95.2,790.5,93.1z\"\/>\n<\/svg>\t\t<\/div>\n\t\t<div class=\"elementor-element elementor-element-3231e919 e-con-full e-flex e-con e-child\" data-id=\"3231e919\" data-element_type=\"container\">\n\t\t\t\t<div class=\"elementor-element elementor-element-4e4c156a elementor-invisible elementor-widget elementor-widget-heading\" data-id=\"4e4c156a\" data-element_type=\"widget\" data-settings=\"{&quot;_animation&quot;:&quot;fadeInUp&quot;,&quot;_animation_delay&quot;:200}\" data-widget_type=\"heading.default\">\n\t\t\t\t\t<h1 class=\"elementor-heading-title elementor-size-default\">Documente<\/h1>\t\t\t\t<\/div>\n\t\t\t\t<div class=\"elementor-element elementor-element-406c45b3 elementor-invisible elementor-widget elementor-widget-heading\" data-id=\"406c45b3\" data-element_type=\"widget\" data-settings=\"{&quot;_animation&quot;:&quot;fadeInDown&quot;,&quot;_animation_delay&quot;:300}\" data-widget_type=\"heading.default\">\n\t\t\t\t\t<h4 class=\"elementor-heading-title elementor-size-default\">2024 - 2025<\/h4>\t\t\t\t<\/div>\n\t\t\t\t<\/div>\n\t\t\t\t\t<\/div>\n\t\t\t\t<\/div>\n\t\t<div class=\"elementor-element elementor-element-47f0638 e-grid e-con-boxed e-con e-parent\" data-id=\"47f0638\" data-element_type=\"container\">\n\t\t\t\t\t<div class=\"e-con-inner\">\n\t\t\t\t<div class=\"elementor-element elementor-element-67632d7 elementor-widget elementor-widget-heading\" data-id=\"67632d7\" data-element_type=\"widget\" data-widget_type=\"heading.default\">\n\t\t\t\t\t<h2 class=\"elementor-heading-title elementor-size-default\">2024-2025<\/h2>\t\t\t\t<\/div>\n\t\t\t\t<div class=\"elementor-element elementor-element-27a7f17 elementor-widget elementor-widget-heading\" data-id=\"27a7f17\" data-element_type=\"widget\" data-widget_type=\"heading.default\">\n\t\t\t\t\t<h2 class=\"elementor-heading-title elementor-size-default\">2025-2026<\/h2>\t\t\t\t<\/div>\n\t\t\t\t\t<\/div>\n\t\t\t\t<\/div>\n\t\t<div class=\"elementor-element elementor-element-f8e856c e-grid e-con-boxed e-con e-parent\" data-id=\"f8e856c\" data-element_type=\"container\">\n\t\t\t\t\t<div class=\"e-con-inner\">\n\t\t\t\t<div class=\"elementor-element elementor-element-d21abaf elementor-align-center elementor-widget elementor-widget-button\" data-id=\"d21abaf\" data-element_type=\"widget\" data-widget_type=\"button.default\">\n\t\t\t\t\t\t\t\t\t\t<a class=\"elementor-button elementor-button-link elementor-size-sm\" href=\"#\">\n\t\t\t\t\t\t<span class=\"elementor-button-content-wrapper\">\n\t\t\t\t\t\t\t\t\t<span class=\"elementor-button-text\">Felt\u00f6lt\u00e9s alatt<\/span>\n\t\t\t\t\t<\/span>\n\t\t\t\t\t<\/a>\n\t\t\t\t\t\t\t\t<\/div>\n\t\t\t\t<div class=\"elementor-element elementor-element-f0dc306 elementor-align-center elementor-widget elementor-widget-button\" data-id=\"f0dc306\" data-element_type=\"widget\" data-widget_type=\"button.default\">\n\t\t\t\t\t\t\t\t\t\t<a class=\"elementor-button elementor-button-link elementor-size-sm\" href=\"https:\/\/gradevluthoradea.com\/wp-content\/uploads\/2025\/11\/ROFUIP_GPPEVANGHELICALUTHERANA2025-2026.pdf\">\n\t\t\t\t\t\t<span class=\"elementor-button-content-wrapper\">\n\t\t\t\t\t\t\t\t\t<span class=\"elementor-button-text\">SZERVEZET \u00c9S M\u0170K\u00d6D\u00c9SI SZAB\u00c1LYZAT<\/span>\n\t\t\t\t\t<\/span>\n\t\t\t\t\t<\/a>\n\t\t\t\t\t\t\t\t<\/div>\n\t\t\t\t\t<\/div>\n\t\t\t\t<\/div>\n\t\t<div class=\"elementor-element elementor-element-8d3f75f e-grid e-con-boxed e-con e-parent\" data-id=\"8d3f75f\" data-element_type=\"container\">\n\t\t\t\t\t<div class=\"e-con-inner\">\n\t\t\t\t<div class=\"elementor-element elementor-element-afb5db8 elementor-align-center elementor-widget elementor-widget-button\" data-id=\"afb5db8\" data-element_type=\"widget\" data-widget_type=\"button.default\">\n\t\t\t\t\t\t\t\t\t\t<a class=\"elementor-button elementor-button-link elementor-size-sm\" href=\"#\">\n\t\t\t\t\t\t<span class=\"elementor-button-content-wrapper\">\n\t\t\t\t\t\t\t\t\t<span class=\"elementor-button-text\">felt\u00f6lt\u00e9s alatt<\/span>\n\t\t\t\t\t<\/span>\n\t\t\t\t\t<\/a>\n\t\t\t\t\t\t\t\t<\/div>\n\t\t\t\t<div class=\"elementor-element elementor-element-fdc6623 elementor-align-center elementor-widget elementor-widget-button\" data-id=\"fdc6623\" data-element_type=\"widget\" data-widget_type=\"button.default\">\n\t\t\t\t\t\t\t\t\t\t<a class=\"elementor-button elementor-button-link elementor-size-sm\" href=\"https:\/\/gradevluthoradea.com\/wp-content\/uploads\/2025\/11\/PDI2022_2026revizuit2025SEPT_FINAL.pdf\">\n\t\t\t\t\t\t<span class=\"elementor-button-content-wrapper\">\n\t\t\t\t\t\t\t\t\t<span class=\"elementor-button-text\">INT\u00c9ZM\u00c9NYFEJLESZT\u00c9SI TERV<\/span>\n\t\t\t\t\t<\/span>\n\t\t\t\t\t<\/a>\n\t\t\t\t\t\t\t\t<\/div>\n\t\t\t\t\t<\/div>\n\t\t\t\t<\/div>\n\t\t<div class=\"elementor-element elementor-element-03a244b e-grid e-con-boxed e-con e-parent\" data-id=\"03a244b\" data-element_type=\"container\">\n\t\t\t\t\t<div class=\"e-con-inner\">\n\t\t\t\t<div class=\"elementor-element elementor-element-d863e22 elementor-align-center elementor-widget elementor-widget-button\" data-id=\"d863e22\" data-element_type=\"widget\" data-widget_type=\"button.default\">\n\t\t\t\t\t\t\t\t\t\t<a class=\"elementor-button elementor-button-link elementor-size-sm\" href=\"#\">\n\t\t\t\t\t\t<span class=\"elementor-button-content-wrapper\">\n\t\t\t\t\t\t\t\t\t<span class=\"elementor-button-text\">felt\u00f6lt\u00e9s alatt<\/span>\n\t\t\t\t\t<\/span>\n\t\t\t\t\t<\/a>\n\t\t\t\t\t\t\t\t<\/div>\n\t\t\t\t<div class=\"elementor-element elementor-element-e84ddfe elementor-align-center elementor-widget elementor-widget-button\" data-id=\"e84ddfe\" data-element_type=\"widget\" data-widget_type=\"button.default\">\n\t\t\t\t\t\t\t\t\t\t<a class=\"elementor-button elementor-button-link elementor-size-sm\" href=\"https:\/\/gradevluthoradea.com\/wp-content\/uploads\/2025\/11\/REGULAMENTINTERN2025.pdf\">\n\t\t\t\t\t\t<span class=\"elementor-button-content-wrapper\">\n\t\t\t\t\t\t\t\t\t<span class=\"elementor-button-text\">BELS\u0150 SZAB\u00c1LYZATOK<\/span>\n\t\t\t\t\t<\/span>\n\t\t\t\t\t<\/a>\n\t\t\t\t\t\t\t\t<\/div>\n\t\t\t\t\t<\/div>\n\t\t\t\t<\/div>\n\t\t\t\t<\/div>","protected":false},"excerpt":{"rendered":"<p>2024 &#8211; 2025 2024-2025 2025-2026 Felt\u00f6lt\u00e9s alatt SZERVEZET \u00c9S M\u0170K\u00d6D\u00c9SI SZAB\u00c1LYZAT felt\u00f6lt\u00e9s alatt INT\u00c9ZM\u00c9NYFEJLESZT\u00c9SI TERV felt\u00f6lt\u00e9s alatt BELS\u0150 SZAB\u00c1LYZATOK<\/p>","protected":false},"author":1,"featured_media":0,"parent":0,"menu_order":0,"comment_status":"closed","ping_status":"closed","template":"elementor_header_footer","meta":{"footnotes":""},"class_list":["post-333","page","type-page","status-publish","hentry"],"yoast_head":"<!-- This site is optimized with the Yoast SEO Premium plugin v26.2 (Yoast SEO v26.2) - https:\/\/yoast.com\/wordpress\/plugins\/seo\/ -->\n<title>Dokumentumok \u2013 Nagyv\u00e1radi Evang\u00e9likus Luther\u00e1nus \u00d3voda<\/title>\n<meta name=\"description\" content=\"Tekintsd meg \u00f3vod\u00e1nk hivatalos dokumentumait: szab\u00e1lyzatok, beiratkoz\u00e1si \u0171rlapok \u00e9s t\u00e1j\u00e9koztat\u00f3k Nagyv\u00e1radr\u00f3l.\" \/>\n<meta name=\"robots\" content=\"index, follow, max-snippet:-1, max-image-preview:large, max-video-preview:-1\" \/>\n<link rel=\"canonical\" href=\"https:\/\/gradevluthoradea.com\/ro\/documente\/\" \/>\n<meta property=\"og:locale\" content=\"ro_RO\" \/>\n<meta property=\"og:type\" content=\"article\" \/>\n<meta property=\"og:title\" content=\"Dokumentumok\" \/>\n<meta property=\"og:description\" content=\"Tekintsd meg \u00f3vod\u00e1nk hivatalos dokumentumait: szab\u00e1lyzatok, beiratkoz\u00e1si \u0171rlapok \u00e9s t\u00e1j\u00e9koztat\u00f3k Nagyv\u00e1radr\u00f3l.\" \/>\n<meta property=\"og:url\" content=\"https:\/\/gradevluthoradea.com\/ro\/documente\/\" \/>\n<meta property=\"og:site_name\" content=\"Nagyv\u00e1radi Evang\u00e9likus Luther\u00e1nus \u00d3voda Hossz\u00fa Programmal\" \/>\n<meta property=\"article:modified_time\" content=\"2025-11-26T15:32:38+00:00\" \/>\n<meta name=\"twitter:card\" content=\"summary_large_image\" \/>\n<meta name=\"twitter:label1\" content=\"Timp estimat pentru citire\" \/>\n\t<meta name=\"twitter:data1\" content=\"1 minut\" \/>\n<script type=\"application\/ld+json\" class=\"yoast-schema-graph\">{\"@context\":\"https:\/\/schema.org\",\"@graph\":[{\"@type\":\"WebPage\",\"@id\":\"https:\/\/gradevluthoradea.com\/dokumentumok\/\",\"url\":\"https:\/\/gradevluthoradea.com\/dokumentumok\/\",\"name\":\"Dokumentumok \u2013 Nagyv\u00e1radi Evang\u00e9likus Luther\u00e1nus \u00d3voda\",\"isPartOf\":{\"@id\":\"https:\/\/gradevluthoradea.com\/#website\"},\"datePublished\":\"2025-10-29T13:02:56+00:00\",\"dateModified\":\"2025-11-26T15:32:38+00:00\",\"description\":\"Tekintsd meg \u00f3vod\u00e1nk hivatalos dokumentumait: szab\u00e1lyzatok, beiratkoz\u00e1si \u0171rlapok \u00e9s t\u00e1j\u00e9koztat\u00f3k Nagyv\u00e1radr\u00f3l.\",\"breadcrumb\":{\"@id\":\"https:\/\/gradevluthoradea.com\/dokumentumok\/#breadcrumb\"},\"inLanguage\":\"ro-RO\",\"potentialAction\":[{\"@type\":\"ReadAction\",\"target\":[\"https:\/\/gradevluthoradea.com\/dokumentumok\/\"]}]},{\"@type\":\"BreadcrumbList\",\"@id\":\"https:\/\/gradevluthoradea.com\/dokumentumok\/#breadcrumb\",\"itemListElement\":[{\"@type\":\"ListItem\",\"position\":1,\"name\":\"Home\",\"item\":\"https:\/\/gradevluthoradea.com\/\"},{\"@type\":\"ListItem\",\"position\":2,\"name\":\"Dokumentumok\"}]},{\"@type\":\"WebSite\",\"@id\":\"https:\/\/gradevluthoradea.com\/#website\",\"url\":\"https:\/\/gradevluthoradea.com\/\",\"name\":\"Nagyv\u00e1radi Evang\u00e9likus Luther\u00e1nus \u00d3voda (Hossz\u00fa Programmal)\",\"description\":\"\",\"publisher\":{\"@id\":\"https:\/\/gradevluthoradea.com\/#organization\"},\"potentialAction\":[{\"@type\":\"SearchAction\",\"target\":{\"@type\":\"EntryPoint\",\"urlTemplate\":\"https:\/\/gradevluthoradea.com\/?s={search_term_string}\"},\"query-input\":{\"@type\":\"PropertyValueSpecification\",\"valueRequired\":true,\"valueName\":\"search_term_string\"}}],\"inLanguage\":\"ro-RO\"},{\"@type\":\"Organization\",\"@id\":\"https:\/\/gradevluthoradea.com\/#organization\",\"name\":\"Nagyv\u00e1radi Evang\u00e9likus Luther\u00e1nus \u00d3voda (Hossz\u00fa Programmal)\",\"url\":\"https:\/\/gradevluthoradea.com\/\",\"logo\":{\"@type\":\"ImageObject\",\"inLanguage\":\"ro-RO\",\"@id\":\"https:\/\/gradevluthoradea.com\/#\/schema\/logo\/image\/\",\"url\":\"https:\/\/gradevluthoradea.com\/wp-content\/uploads\/2025\/10\/img_8.png\",\"contentUrl\":\"https:\/\/gradevluthoradea.com\/wp-content\/uploads\/2025\/10\/img_8.png\",\"width\":720,\"height\":720,\"caption\":\"Nagyv\u00e1radi Evang\u00e9likus Luther\u00e1nus \u00d3voda (Hossz\u00fa Programmal)\"},\"image\":{\"@id\":\"https:\/\/gradevluthoradea.com\/#\/schema\/logo\/image\/\"}}]}<\/script>\n<!-- \/ Yoast SEO Premium plugin. -->","yoast_head_json":{"title":"Documente \u2013 Gr\u0103dini\u021ba Evanghelic\u0103 Luteran\u0103 Oradea","description":"Vizualiza\u021bi documentele oficiale ale gr\u0103dini\u021bei noastre: regulament, formulare de \u00eenscriere \u0219i informa\u021bii despre Oradea.","robots":{"index":"index","follow":"follow","max-snippet":"max-snippet:-1","max-image-preview":"max-image-preview:large","max-video-preview":"max-video-preview:-1"},"canonical":"https:\/\/gradevluthoradea.com\/ro\/documente\/","og_locale":"ro_RO","og_type":"article","og_title":"Dokumentumok","og_description":"Tekintsd meg \u00f3vod\u00e1nk hivatalos dokumentumait: szab\u00e1lyzatok, beiratkoz\u00e1si \u0171rlapok \u00e9s t\u00e1j\u00e9koztat\u00f3k Nagyv\u00e1radr\u00f3l.","og_url":"https:\/\/gradevluthoradea.com\/ro\/documente\/","og_site_name":"Nagyv\u00e1radi Evang\u00e9likus Luther\u00e1nus \u00d3voda Hossz\u00fa Programmal","article_modified_time":"2025-11-26T15:32:38+00:00","twitter_card":"summary_large_image","twitter_misc":{"Timp estimat pentru citire":"1 minut"},"schema":{"@context":"https:\/\/schema.org","@graph":[{"@type":"WebPage","@id":"https:\/\/gradevluthoradea.com\/dokumentumok\/","url":"https:\/\/gradevluthoradea.com\/dokumentumok\/","name":"Documente \u2013 Gr\u0103dini\u021ba Evanghelic\u0103 Luteran\u0103 Oradea","isPartOf":{"@id":"https:\/\/gradevluthoradea.com\/#website"},"datePublished":"2025-10-29T13:02:56+00:00","dateModified":"2025-11-26T15:32:38+00:00","description":"Vizualiza\u021bi documentele oficiale ale gr\u0103dini\u021bei noastre: regulament, formulare de \u00eenscriere \u0219i informa\u021bii despre Oradea.","breadcrumb":{"@id":"https:\/\/gradevluthoradea.com\/dokumentumok\/#breadcrumb"},"inLanguage":"ro-RO","potentialAction":[{"@type":"ReadAction","target":["https:\/\/gradevluthoradea.com\/dokumentumok\/"]}]},{"@type":"BreadcrumbList","@id":"https:\/\/gradevluthoradea.com\/dokumentumok\/#breadcrumb","itemListElement":[{"@type":"ListItem","position":1,"name":"Home","item":"https:\/\/gradevluthoradea.com\/"},{"@type":"ListItem","position":2,"name":"Dokumentumok"}]},{"@type":"WebSite","@id":"https:\/\/gradevluthoradea.com\/#website","url":"https:\/\/gradevluthoradea.com\/","name":"Gr\u0103dini\u021ba Evanghelic\u0103 Luteran\u0103 Oradea (cu Program Lung)","description":"","publisher":{"@id":"https:\/\/gradevluthoradea.com\/#organization"},"potentialAction":[{"@type":"SearchAction","target":{"@type":"EntryPoint","urlTemplate":"https:\/\/gradevluthoradea.com\/?s={search_term_string}"},"query-input":{"@type":"PropertyValueSpecification","valueRequired":true,"valueName":"search_term_string"}}],"inLanguage":"ro-RO"},{"@type":"Organization","@id":"https:\/\/gradevluthoradea.com\/#organization","name":"Gr\u0103dini\u021ba Evanghelic\u0103 Luteran\u0103 Oradea (cu Program Lung)","url":"https:\/\/gradevluthoradea.com\/","logo":{"@type":"ImageObject","inLanguage":"ro-RO","@id":"https:\/\/gradevluthoradea.com\/#\/schema\/logo\/image\/","url":"https:\/\/gradevluthoradea.com\/wp-content\/uploads\/2025\/10\/img_8.png","contentUrl":"https:\/\/gradevluthoradea.com\/wp-content\/uploads\/2025\/10\/img_8.png","width":720,"height":720,"caption":"Nagyv\u00e1radi Evang\u00e9likus Luther\u00e1nus \u00d3voda (Hossz\u00fa Programmal)"},"image":{"@id":"https:\/\/gradevluthoradea.com\/#\/schema\/logo\/image\/"}}]}},"_hostinger_reach_plugin_has_subscription_block":false,"_hostinger_reach_plugin_is_elementor":false,"_links":{"self":[{"href":"https:\/\/gradevluthoradea.com\/ro\/wp-json\/wp\/v2\/pages\/333","targetHints":{"allow":["GET"]}}],"collection":[{"href":"https:\/\/gradevluthoradea.com\/ro\/wp-json\/wp\/v2\/pages"}],"about":[{"href":"https:\/\/gradevluthoradea.com\/ro\/wp-json\/wp\/v2\/types\/page"}],"author":[{"embeddable":true,"href":"https:\/\/gradevluthoradea.com\/ro\/wp-json\/wp\/v2\/users\/1"}],"replies":[{"embeddable":true,"href":"https:\/\/gradevluthoradea.com\/ro\/wp-json\/wp\/v2\/comments?post=333"}],"version-history":[{"count":32,"href":"https:\/\/gradevluthoradea.com\/ro\/wp-json\/wp\/v2\/pages\/333\/revisions"}],"predecessor-version":[{"id":938,"href":"https:\/\/gradevluthoradea.com\/ro\/wp-json\/wp\/v2\/pages\/333\/revisions\/938"}],"wp:attachment":[{"href":"https:\/\/gradevluthoradea.com\/ro\/wp-json\/wp\/v2\/media?parent=333"}],"curies":[{"name":"wp","href":"https:\/\/api.w.org\/{rel}","templated":true}]}}