{"id":343,"date":"2025-10-29T12:35:03","date_gmt":"2025-10-29T12:35:03","guid":{"rendered":"https:\/\/gradevluthoradea.com\/?page_id=343"},"modified":"2025-11-07T16:48:03","modified_gmt":"2025-11-07T16:48:03","slug":"parteneri","status":"publish","type":"page","link":"https:\/\/gradevluthoradea.com\/ro\/parteneri\/","title":{"rendered":"Parteneri"},"content":{"rendered":"<div data-elementor-type=\"wp-page\" data-elementor-id=\"343\" class=\"elementor elementor-343\" data-elementor-post-type=\"page\">\n\t\t\t\t<div class=\"elementor-element elementor-element-35594428 e-flex e-con-boxed e-con e-parent\" data-id=\"35594428\" data-element_type=\"container\" data-settings=\"{&quot;background_background&quot;:&quot;classic&quot;,&quot;shape_divider_bottom&quot;:&quot;waves&quot;,&quot;shape_divider_bottom_negative&quot;:&quot;yes&quot;,&quot;background_motion_fx_motion_fx_mouse&quot;:&quot;yes&quot;,&quot;background_motion_fx_mouseTrack_effect&quot;:&quot;yes&quot;,&quot;background_motion_fx_mouseTrack_speed&quot;:{&quot;unit&quot;:&quot;px&quot;,&quot;size&quot;:0.1,&quot;sizes&quot;:[]}}\">\n\t\t\t\t\t<div class=\"e-con-inner\">\n\t\t\t\t<div class=\"elementor-shape elementor-shape-bottom\" aria-hidden=\"true\" data-negative=\"true\">\n\t\t\t<svg xmlns=\"http:\/\/www.w3.org\/2000\/svg\" viewbox=\"0 0 1000 100\" preserveaspectratio=\"none\">\n\t<path class=\"elementor-shape-fill\" d=\"M790.5,93.1c-59.3-5.3-116.8-18-192.6-50c-29.6-12.7-76.9-31-100.5-35.9c-23.6-4.9-52.6-7.8-75.5-5.3\tc-10.2,1.1-22.6,1.4-50.1,7.4c-27.2,6.3-58.2,16.6-79.4,24.7c-41.3,15.9-94.9,21.9-134,22.6C72,58.2,0,25.8,0,25.8V100h1000V65.3\tc0,0-51.5,19.4-106.2,25.7C839.5,97,814.1,95.2,790.5,93.1z\"\/>\n<\/svg>\t\t<\/div>\n\t\t<div class=\"elementor-element elementor-element-4d723ba2 e-con-full e-flex e-con e-child\" data-id=\"4d723ba2\" data-element_type=\"container\">\n\t\t\t\t<div class=\"elementor-element elementor-element-1630c5b9 elementor-invisible elementor-widget elementor-widget-heading\" data-id=\"1630c5b9\" data-element_type=\"widget\" data-settings=\"{&quot;_animation&quot;:&quot;fadeInUp&quot;,&quot;_animation_delay&quot;:200}\" data-widget_type=\"heading.default\">\n\t\t\t\t\t<h1 class=\"elementor-heading-title elementor-size-default\">Parteneri<\/h1>\t\t\t\t<\/div>\n\t\t\t\t<\/div>\n\t\t\t\t\t<\/div>\n\t\t\t\t<\/div>\n\t\t<div class=\"elementor-element elementor-element-f4a278a e-flex e-con-boxed e-con e-parent\" data-id=\"f4a278a\" data-element_type=\"container\">\n\t\t\t\t\t<div class=\"e-con-inner\">\n\t\t\t\t<div class=\"elementor-element elementor-element-8f40464 elementor-widget elementor-widget-elementskit-client-logo\" data-id=\"8f40464\" data-element_type=\"widget\" data-widget_type=\"elementskit-client-logo.default\">\n\t\t\t\t\t<div class=\"ekit-wid-con\" >\t\t<div class=\"elementskit-clients-slider  simple_logo_image\" data-config=\"{&quot;rtl&quot;:false,&quot;arrows&quot;:false,&quot;dots&quot;:false,&quot;autoplay&quot;:true,&quot;speed&quot;:1000,&quot;slidesPerView&quot;:7,&quot;slidesPerGroup&quot;:1,&quot;pauseOnHover&quot;:true,&quot;loop&quot;:true,&quot;breakpoints&quot;:{&quot;320&quot;:{&quot;slidesPerView&quot;:1,&quot;slidesPerGroup&quot;:1,&quot;spaceBetween&quot;:10},&quot;768&quot;:{&quot;slidesPerView&quot;:2,&quot;slidesPerGroup&quot;:1,&quot;spaceBetween&quot;:10},&quot;1024&quot;:{&quot;slidesPerView&quot;:7,&quot;slidesPerGroup&quot;:1,&quot;spaceBetween&quot;:15}}}\" data-direction=\"\">\n\t\t\t<div class=\"ekit-main-swiper swiper\">\n\t\t\t\t<div class=\"swiper-wrapper\">\n\t\t\t\t\t\t\t\t\t\t\t<div class=\"elementskit-client-slider-item swiper-slide\">\n\t\t\t\t\t\t\t<div class=\"swiper-slide-inner\">\n\t\t\t\t\t\t\t\t<div class=\"single-client image-switcher\" title=\"Muzeul Crisurilor\">\n\t\t\t\t\t\t\t\t\t\t\t\t\t\t\t\t\t\t\t<div class=\"content-image\">\n\t\t\t\t\t\t\t\t\t\t\t<img fetchpriority=\"high\" decoding=\"async\" width=\"225\" height=\"225\" src=\"https:\/\/gradevluthoradea.com\/wp-content\/uploads\/2025\/10\/muzeul-crisurilor.png\" class=\"\" alt=\"\" srcset=\"https:\/\/gradevluthoradea.com\/wp-content\/uploads\/2025\/10\/muzeul-crisurilor.png 225w, https:\/\/gradevluthoradea.com\/wp-content\/uploads\/2025\/10\/muzeul-crisurilor-150x150.png 150w, https:\/\/gradevluthoradea.com\/wp-content\/uploads\/2025\/10\/muzeul-crisurilor-12x12.png 12w\" sizes=\"(max-width: 225px) 100vw, 225px\" \/>\t\t\t\t\t\t\t\t\t\t<\/div>\n\t\t\t\t\t\t\t\t\t\t\t\t\t\t\t\t\t<\/div>\n\t\t\t\t\t\t\t<\/div>\n\t\t\t\t\t\t<\/div>\n\t\t\t\t\t\t\t\t\t\t\t<div class=\"elementskit-client-slider-item swiper-slide\">\n\t\t\t\t\t\t\t<div class=\"swiper-slide-inner\">\n\t\t\t\t\t\t\t\t<div class=\"single-client image-switcher\" title=\"Universitatea Crestina Partium\">\n\t\t\t\t\t\t\t\t\t\t\t\t\t\t\t\t\t\t\t<div class=\"content-image\">\n\t\t\t\t\t\t\t\t\t\t\t<img decoding=\"async\" width=\"196\" height=\"257\" src=\"https:\/\/gradevluthoradea.com\/wp-content\/uploads\/2025\/10\/pke.jpg\" class=\"\" alt=\"\" srcset=\"https:\/\/gradevluthoradea.com\/wp-content\/uploads\/2025\/10\/pke.jpg 196w, https:\/\/gradevluthoradea.com\/wp-content\/uploads\/2025\/10\/pke-9x12.jpg 9w\" sizes=\"(max-width: 196px) 100vw, 196px\" \/>\t\t\t\t\t\t\t\t\t\t<\/div>\n\t\t\t\t\t\t\t\t\t\t\t\t\t\t\t\t\t<\/div>\n\t\t\t\t\t\t\t<\/div>\n\t\t\t\t\t\t<\/div>\n\t\t\t\t\t\t\t\t\t\t\t<div class=\"elementskit-client-slider-item swiper-slide\">\n\t\t\t\t\t\t\t<div class=\"swiper-slide-inner\">\n\t\t\t\t\t\t\t\t<div class=\"single-client image-switcher\" title=\"Societatea Liliput\">\n\t\t\t\t\t\t\t\t\t\t\t\t\t\t\t\t\t\t\t<div class=\"content-image\">\n\t\t\t\t\t\t\t\t\t\t\t<img decoding=\"async\" width=\"720\" height=\"506\" src=\"https:\/\/gradevluthoradea.com\/wp-content\/uploads\/2025\/10\/liliput.jpg\" class=\"\" alt=\"\" srcset=\"https:\/\/gradevluthoradea.com\/wp-content\/uploads\/2025\/10\/liliput.jpg 720w, https:\/\/gradevluthoradea.com\/wp-content\/uploads\/2025\/10\/liliput-300x211.jpg 300w, https:\/\/gradevluthoradea.com\/wp-content\/uploads\/2025\/10\/liliput-18x12.jpg 18w\" sizes=\"(max-width: 720px) 100vw, 720px\" \/>\t\t\t\t\t\t\t\t\t\t<\/div>\n\t\t\t\t\t\t\t\t\t\t\t\t\t\t\t\t\t<\/div>\n\t\t\t\t\t\t\t<\/div>\n\t\t\t\t\t\t<\/div>\n\t\t\t\t\t\t\t\t\t\t\t<div class=\"elementskit-client-slider-item swiper-slide\">\n\t\t\t\t\t\t\t<div class=\"swiper-slide-inner\">\n\t\t\t\t\t\t\t\t<div class=\"single-client image-switcher\" title=\"Greac\u0103\">\n\t\t\t\t\t\t\t\t\t\t\t\t\t\t\t\t\t\t\t<div class=\"content-image\">\n\t\t\t\t\t\t\t\t\t\t\t<img loading=\"lazy\" decoding=\"async\" width=\"900\" height=\"900\" src=\"https:\/\/gradevluthoradea.com\/wp-content\/uploads\/2025\/10\/kerekito_logo_0.jpg\" class=\"\" alt=\"\" srcset=\"https:\/\/gradevluthoradea.com\/wp-content\/uploads\/2025\/10\/kerekito_logo_0.jpg 900w, https:\/\/gradevluthoradea.com\/wp-content\/uploads\/2025\/10\/kerekito_logo_0-300x300.jpg 300w, https:\/\/gradevluthoradea.com\/wp-content\/uploads\/2025\/10\/kerekito_logo_0-150x150.jpg 150w, https:\/\/gradevluthoradea.com\/wp-content\/uploads\/2025\/10\/kerekito_logo_0-768x768.jpg 768w, https:\/\/gradevluthoradea.com\/wp-content\/uploads\/2025\/10\/kerekito_logo_0-12x12.jpg 12w\" sizes=\"(max-width: 900px) 100vw, 900px\" \/>\t\t\t\t\t\t\t\t\t\t<\/div>\n\t\t\t\t\t\t\t\t\t\t\t\t\t\t\t\t\t<\/div>\n\t\t\t\t\t\t\t<\/div>\n\t\t\t\t\t\t<\/div>\n\t\t\t\t\t\t\t\t\t\t\t<div class=\"elementskit-client-slider-item swiper-slide\">\n\t\t\t\t\t\t\t<div class=\"swiper-slide-inner\">\n\t\t\t\t\t\t\t\t<div class=\"single-client image-switcher\" title=\"Fundatia Cultural Umanitara &quot;Henri Coanda&quot;\">\n\t\t\t\t\t\t\t\t\t\t\t\t\t\t\t\t\t\t\t<div class=\"content-image\">\n\t\t\t\t\t\t\t\t\t\t\t<img loading=\"lazy\" decoding=\"async\" width=\"1257\" height=\"1257\" src=\"https:\/\/gradevluthoradea.com\/wp-content\/uploads\/2025\/10\/f-henri-coanda.png\" class=\"\" alt=\"\" srcset=\"https:\/\/gradevluthoradea.com\/wp-content\/uploads\/2025\/10\/f-henri-coanda.png 1257w, https:\/\/gradevluthoradea.com\/wp-content\/uploads\/2025\/10\/f-henri-coanda-300x300.png 300w, https:\/\/gradevluthoradea.com\/wp-content\/uploads\/2025\/10\/f-henri-coanda-1024x1024.png 1024w, https:\/\/gradevluthoradea.com\/wp-content\/uploads\/2025\/10\/f-henri-coanda-150x150.png 150w, https:\/\/gradevluthoradea.com\/wp-content\/uploads\/2025\/10\/f-henri-coanda-768x768.png 768w, https:\/\/gradevluthoradea.com\/wp-content\/uploads\/2025\/10\/f-henri-coanda-12x12.png 12w\" sizes=\"(max-width: 1257px) 100vw, 1257px\" \/>\t\t\t\t\t\t\t\t\t\t<\/div>\n\t\t\t\t\t\t\t\t\t\t\t\t\t\t\t\t\t<\/div>\n\t\t\t\t\t\t\t<\/div>\n\t\t\t\t\t\t<\/div>\n\t\t\t\t\t\t\t\t\t\t\t<div class=\"elementskit-client-slider-item swiper-slide\">\n\t\t\t\t\t\t\t<div class=\"swiper-slide-inner\">\n\t\t\t\t\t\t\t\t<div class=\"single-client image-switcher\" title=\"Asocia\u021bia Mamelor Maghiare din Transilvania\">\n\t\t\t\t\t\t\t\t\t\t\t\t\t\t\t\t\t\t\t<div class=\"content-image\">\n\t\t\t\t\t\t\t\t\t\t\t<img loading=\"lazy\" decoding=\"async\" width=\"656\" height=\"657\" src=\"https:\/\/gradevluthoradea.com\/wp-content\/uploads\/2025\/10\/emaa.jpg\" class=\"\" alt=\"\" srcset=\"https:\/\/gradevluthoradea.com\/wp-content\/uploads\/2025\/10\/emaa.jpg 656w, https:\/\/gradevluthoradea.com\/wp-content\/uploads\/2025\/10\/emaa-300x300.jpg 300w, https:\/\/gradevluthoradea.com\/wp-content\/uploads\/2025\/10\/emaa-150x150.jpg 150w, https:\/\/gradevluthoradea.com\/wp-content\/uploads\/2025\/10\/emaa-12x12.jpg 12w\" sizes=\"(max-width: 656px) 100vw, 656px\" \/>\t\t\t\t\t\t\t\t\t\t<\/div>\n\t\t\t\t\t\t\t\t\t\t\t\t\t\t\t\t\t<\/div>\n\t\t\t\t\t\t\t<\/div>\n\t\t\t\t\t\t<\/div>\n\t\t\t\t\t\t\t\t\t\t\t<div class=\"elementskit-client-slider-item swiper-slide\">\n\t\t\t\t\t\t\t<div class=\"swiper-slide-inner\">\n\t\t\t\t\t\t\t\t<div class=\"single-client image-switcher\" title=\"Liceul Ady Endre, Oradea\">\n\t\t\t\t\t\t\t\t\t\t\t\t\t\t\t\t\t\t\t<div class=\"content-image\">\n\t\t\t\t\t\t\t\t\t\t\t<img loading=\"lazy\" decoding=\"async\" width=\"736\" height=\"1000\" src=\"https:\/\/gradevluthoradea.com\/wp-content\/uploads\/2025\/10\/ady.jpg\" class=\"\" alt=\"\" srcset=\"https:\/\/gradevluthoradea.com\/wp-content\/uploads\/2025\/10\/ady.jpg 736w, https:\/\/gradevluthoradea.com\/wp-content\/uploads\/2025\/10\/ady-221x300.jpg 221w, https:\/\/gradevluthoradea.com\/wp-content\/uploads\/2025\/10\/ady-9x12.jpg 9w\" sizes=\"(max-width: 736px) 100vw, 736px\" \/>\t\t\t\t\t\t\t\t\t\t<\/div>\n\t\t\t\t\t\t\t\t\t\t\t\t\t\t\t\t\t<\/div>\n\t\t\t\t\t\t\t<\/div>\n\t\t\t\t\t\t<\/div>\n\t\t\t\t\t\t\t\t\t<\/div>\n\n\t\t\t\t\n\t\t\t\t\t\t\t<\/div><!-- .elementskit-clients-slider END -->\n\t\t<\/div>\n\t\t<\/div>\t\t\t\t<\/div>\n\t\t\t\t\t<\/div>\n\t\t\t\t<\/div>\n\t\t\t\t<\/div>","protected":false},"excerpt":{"rendered":"","protected":false},"author":1,"featured_media":0,"parent":0,"menu_order":0,"comment_status":"closed","ping_status":"closed","template":"elementor_header_footer","meta":{"footnotes":""},"class_list":["post-343","page","type-page","status-publish","hentry"],"yoast_head":"<!-- This site is optimized with the Yoast SEO Premium plugin v26.2 (Yoast SEO v26.2) - https:\/\/yoast.com\/wordpress\/plugins\/seo\/ -->\n<title>Partnereink \u2013 Nagyv\u00e1radi Evang\u00e9likus Luther\u00e1nus \u00d3voda<\/title>\n<meta name=\"description\" content=\"Partnereink, akik t\u00e1mogatj\u00e1k \u00f3vod\u00e1nk nevel\u00e9si \u00e9s k\u00f6z\u00f6ss\u00e9gi c\u00e9ljait Nagyv\u00e1radon.\" \/>\n<meta name=\"robots\" content=\"index, follow, max-snippet:-1, max-image-preview:large, max-video-preview:-1\" \/>\n<link rel=\"canonical\" href=\"https:\/\/gradevluthoradea.com\/ro\/parteneri\/\" \/>\n<meta property=\"og:locale\" content=\"ro_RO\" \/>\n<meta property=\"og:type\" content=\"article\" \/>\n<meta property=\"og:title\" content=\"Partnerek\" \/>\n<meta property=\"og:description\" content=\"Partnereink, akik t\u00e1mogatj\u00e1k \u00f3vod\u00e1nk nevel\u00e9si \u00e9s k\u00f6z\u00f6ss\u00e9gi c\u00e9ljait Nagyv\u00e1radon.\" \/>\n<meta property=\"og:url\" content=\"https:\/\/gradevluthoradea.com\/ro\/parteneri\/\" \/>\n<meta property=\"og:site_name\" content=\"Nagyv\u00e1radi Evang\u00e9likus Luther\u00e1nus \u00d3voda Hossz\u00fa Programmal\" \/>\n<meta property=\"article:modified_time\" content=\"2025-11-07T16:48:03+00:00\" \/>\n<meta property=\"og:image\" content=\"https:\/\/gradevluthoradea.com\/wp-content\/uploads\/2025\/10\/muzeul-crisurilor.png\" \/>\n<meta name=\"twitter:card\" content=\"summary_large_image\" \/>\n<meta name=\"twitter:label1\" content=\"Timp estimat pentru citire\" \/>\n\t<meta name=\"twitter:data1\" content=\"5 minute\" \/>\n<script type=\"application\/ld+json\" class=\"yoast-schema-graph\">{\"@context\":\"https:\/\/schema.org\",\"@graph\":[{\"@type\":\"WebPage\",\"@id\":\"https:\/\/gradevluthoradea.com\/partnerek\/\",\"url\":\"https:\/\/gradevluthoradea.com\/partnerek\/\",\"name\":\"Partnereink \u2013 Nagyv\u00e1radi Evang\u00e9likus Luther\u00e1nus \u00d3voda\",\"isPartOf\":{\"@id\":\"https:\/\/gradevluthoradea.com\/#website\"},\"primaryImageOfPage\":{\"@id\":\"https:\/\/gradevluthoradea.com\/partnerek\/#primaryimage\"},\"image\":{\"@id\":\"https:\/\/gradevluthoradea.com\/partnerek\/#primaryimage\"},\"thumbnailUrl\":\"https:\/\/gradevluthoradea.com\/wp-content\/uploads\/2025\/10\/muzeul-crisurilor.png\",\"datePublished\":\"2025-10-29T12:35:03+00:00\",\"dateModified\":\"2025-11-07T16:48:03+00:00\",\"description\":\"Partnereink, akik t\u00e1mogatj\u00e1k \u00f3vod\u00e1nk nevel\u00e9si \u00e9s k\u00f6z\u00f6ss\u00e9gi c\u00e9ljait Nagyv\u00e1radon.\",\"breadcrumb\":{\"@id\":\"https:\/\/gradevluthoradea.com\/partnerek\/#breadcrumb\"},\"inLanguage\":\"ro-RO\",\"potentialAction\":[{\"@type\":\"ReadAction\",\"target\":[\"https:\/\/gradevluthoradea.com\/partnerek\/\"]}]},{\"@type\":\"ImageObject\",\"inLanguage\":\"ro-RO\",\"@id\":\"https:\/\/gradevluthoradea.com\/partnerek\/#primaryimage\",\"url\":\"https:\/\/gradevluthoradea.com\/wp-content\/uploads\/2025\/10\/muzeul-crisurilor.png\",\"contentUrl\":\"https:\/\/gradevluthoradea.com\/wp-content\/uploads\/2025\/10\/muzeul-crisurilor.png\"},{\"@type\":\"BreadcrumbList\",\"@id\":\"https:\/\/gradevluthoradea.com\/partnerek\/#breadcrumb\",\"itemListElement\":[{\"@type\":\"ListItem\",\"position\":1,\"name\":\"Home\",\"item\":\"https:\/\/gradevluthoradea.com\/\"},{\"@type\":\"ListItem\",\"position\":2,\"name\":\"Partnerek\"}]},{\"@type\":\"WebSite\",\"@id\":\"https:\/\/gradevluthoradea.com\/#website\",\"url\":\"https:\/\/gradevluthoradea.com\/\",\"name\":\"Nagyv\u00e1radi Evang\u00e9likus Luther\u00e1nus \u00d3voda (Hossz\u00fa Programmal)\",\"description\":\"\",\"publisher\":{\"@id\":\"https:\/\/gradevluthoradea.com\/#organization\"},\"potentialAction\":[{\"@type\":\"SearchAction\",\"target\":{\"@type\":\"EntryPoint\",\"urlTemplate\":\"https:\/\/gradevluthoradea.com\/?s={search_term_string}\"},\"query-input\":{\"@type\":\"PropertyValueSpecification\",\"valueRequired\":true,\"valueName\":\"search_term_string\"}}],\"inLanguage\":\"ro-RO\"},{\"@type\":\"Organization\",\"@id\":\"https:\/\/gradevluthoradea.com\/#organization\",\"name\":\"Nagyv\u00e1radi Evang\u00e9likus Luther\u00e1nus \u00d3voda (Hossz\u00fa Programmal)\",\"url\":\"https:\/\/gradevluthoradea.com\/\",\"logo\":{\"@type\":\"ImageObject\",\"inLanguage\":\"ro-RO\",\"@id\":\"https:\/\/gradevluthoradea.com\/#\/schema\/logo\/image\/\",\"url\":\"https:\/\/gradevluthoradea.com\/wp-content\/uploads\/2025\/10\/img_8.png\",\"contentUrl\":\"https:\/\/gradevluthoradea.com\/wp-content\/uploads\/2025\/10\/img_8.png\",\"width\":720,\"height\":720,\"caption\":\"Nagyv\u00e1radi Evang\u00e9likus Luther\u00e1nus \u00d3voda (Hossz\u00fa Programmal)\"},\"image\":{\"@id\":\"https:\/\/gradevluthoradea.com\/#\/schema\/logo\/image\/\"}}]}<\/script>\n<!-- \/ Yoast SEO Premium plugin. -->","yoast_head_json":{"title":"Partenerii no\u0219tri \u2013 Gr\u0103dini\u021ba Evanghelic\u0103 Luteran\u0103 din Oradea","description":"Partenerii no\u0219tri care sus\u021bin obiectivele educa\u021bionale \u0219i comunitare ale gr\u0103dini\u021bei noastre din Oradea.","robots":{"index":"index","follow":"follow","max-snippet":"max-snippet:-1","max-image-preview":"max-image-preview:large","max-video-preview":"max-video-preview:-1"},"canonical":"https:\/\/gradevluthoradea.com\/ro\/parteneri\/","og_locale":"ro_RO","og_type":"article","og_title":"Partnerek","og_description":"Partnereink, akik t\u00e1mogatj\u00e1k \u00f3vod\u00e1nk nevel\u00e9si \u00e9s k\u00f6z\u00f6ss\u00e9gi c\u00e9ljait Nagyv\u00e1radon.","og_url":"https:\/\/gradevluthoradea.com\/ro\/parteneri\/","og_site_name":"Nagyv\u00e1radi Evang\u00e9likus Luther\u00e1nus \u00d3voda Hossz\u00fa Programmal","article_modified_time":"2025-11-07T16:48:03+00:00","og_image":[{"url":"https:\/\/gradevluthoradea.com\/wp-content\/uploads\/2025\/10\/muzeul-crisurilor.png","type":"","width":"","height":""}],"twitter_card":"summary_large_image","twitter_misc":{"Timp estimat pentru citire":"5 minute"},"schema":{"@context":"https:\/\/schema.org","@graph":[{"@type":"WebPage","@id":"https:\/\/gradevluthoradea.com\/partnerek\/","url":"https:\/\/gradevluthoradea.com\/partnerek\/","name":"Partenerii no\u0219tri \u2013 Gr\u0103dini\u021ba Evanghelic\u0103 Luteran\u0103 din Oradea","isPartOf":{"@id":"https:\/\/gradevluthoradea.com\/#website"},"primaryImageOfPage":{"@id":"https:\/\/gradevluthoradea.com\/partnerek\/#primaryimage"},"image":{"@id":"https:\/\/gradevluthoradea.com\/partnerek\/#primaryimage"},"thumbnailUrl":"https:\/\/gradevluthoradea.com\/wp-content\/uploads\/2025\/10\/muzeul-crisurilor.png","datePublished":"2025-10-29T12:35:03+00:00","dateModified":"2025-11-07T16:48:03+00:00","description":"Partenerii no\u0219tri care sus\u021bin obiectivele educa\u021bionale \u0219i comunitare ale gr\u0103dini\u021bei noastre din Oradea.","breadcrumb":{"@id":"https:\/\/gradevluthoradea.com\/partnerek\/#breadcrumb"},"inLanguage":"ro-RO","potentialAction":[{"@type":"ReadAction","target":["https:\/\/gradevluthoradea.com\/partnerek\/"]}]},{"@type":"ImageObject","inLanguage":"ro-RO","@id":"https:\/\/gradevluthoradea.com\/partnerek\/#primaryimage","url":"https:\/\/gradevluthoradea.com\/wp-content\/uploads\/2025\/10\/muzeul-crisurilor.png","contentUrl":"https:\/\/gradevluthoradea.com\/wp-content\/uploads\/2025\/10\/muzeul-crisurilor.png"},{"@type":"BreadcrumbList","@id":"https:\/\/gradevluthoradea.com\/partnerek\/#breadcrumb","itemListElement":[{"@type":"ListItem","position":1,"name":"Home","item":"https:\/\/gradevluthoradea.com\/"},{"@type":"ListItem","position":2,"name":"Partnerek"}]},{"@type":"WebSite","@id":"https:\/\/gradevluthoradea.com\/#website","url":"https:\/\/gradevluthoradea.com\/","name":"Gr\u0103dini\u021ba Evanghelic\u0103 Luteran\u0103 Oradea (cu Program Lung)","description":"","publisher":{"@id":"https:\/\/gradevluthoradea.com\/#organization"},"potentialAction":[{"@type":"SearchAction","target":{"@type":"EntryPoint","urlTemplate":"https:\/\/gradevluthoradea.com\/?s={search_term_string}"},"query-input":{"@type":"PropertyValueSpecification","valueRequired":true,"valueName":"search_term_string"}}],"inLanguage":"ro-RO"},{"@type":"Organization","@id":"https:\/\/gradevluthoradea.com\/#organization","name":"Gr\u0103dini\u021ba Evanghelic\u0103 Luteran\u0103 Oradea (cu Program Lung)","url":"https:\/\/gradevluthoradea.com\/","logo":{"@type":"ImageObject","inLanguage":"ro-RO","@id":"https:\/\/gradevluthoradea.com\/#\/schema\/logo\/image\/","url":"https:\/\/gradevluthoradea.com\/wp-content\/uploads\/2025\/10\/img_8.png","contentUrl":"https:\/\/gradevluthoradea.com\/wp-content\/uploads\/2025\/10\/img_8.png","width":720,"height":720,"caption":"Nagyv\u00e1radi Evang\u00e9likus Luther\u00e1nus \u00d3voda (Hossz\u00fa Programmal)"},"image":{"@id":"https:\/\/gradevluthoradea.com\/#\/schema\/logo\/image\/"}}]}},"_hostinger_reach_plugin_has_subscription_block":false,"_hostinger_reach_plugin_is_elementor":false,"_links":{"self":[{"href":"https:\/\/gradevluthoradea.com\/ro\/wp-json\/wp\/v2\/pages\/343","targetHints":{"allow":["GET"]}}],"collection":[{"href":"https:\/\/gradevluthoradea.com\/ro\/wp-json\/wp\/v2\/pages"}],"about":[{"href":"https:\/\/gradevluthoradea.com\/ro\/wp-json\/wp\/v2\/types\/page"}],"author":[{"embeddable":true,"href":"https:\/\/gradevluthoradea.com\/ro\/wp-json\/wp\/v2\/users\/1"}],"replies":[{"embeddable":true,"href":"https:\/\/gradevluthoradea.com\/ro\/wp-json\/wp\/v2\/comments?post=343"}],"version-history":[{"count":40,"href":"https:\/\/gradevluthoradea.com\/ro\/wp-json\/wp\/v2\/pages\/343\/revisions"}],"predecessor-version":[{"id":517,"href":"https:\/\/gradevluthoradea.com\/ro\/wp-json\/wp\/v2\/pages\/343\/revisions\/517"}],"wp:attachment":[{"href":"https:\/\/gradevluthoradea.com\/ro\/wp-json\/wp\/v2\/media?parent=343"}],"curies":[{"name":"wp","href":"https:\/\/api.w.org\/{rel}","templated":true}]}}