{"id":586,"date":"2025-11-09T13:04:11","date_gmt":"2025-11-09T13:04:11","guid":{"rendered":"https:\/\/gradevluthoradea.com\/?page_id=586"},"modified":"2025-11-11T10:59:18","modified_gmt":"2025-11-11T10:59:18","slug":"rolunk","status":"publish","type":"page","link":"https:\/\/gradevluthoradea.com\/ro\/rolunk\/","title":{"rendered":"Despre noi"},"content":{"rendered":"<div data-elementor-type=\"wp-page\" data-elementor-id=\"586\" class=\"elementor elementor-586\" data-elementor-post-type=\"page\">\n\t\t\t\t<div class=\"elementor-element elementor-element-6f8707f7 e-flex e-con-boxed e-con e-parent\" data-id=\"6f8707f7\" data-element_type=\"container\" data-settings=\"{&quot;background_background&quot;:&quot;classic&quot;,&quot;shape_divider_bottom&quot;:&quot;clouds&quot;,&quot;shape_divider_bottom_negative&quot;:&quot;yes&quot;}\">\n\t\t\t\t\t<div class=\"e-con-inner\">\n\t\t\t\t<div class=\"elementor-shape elementor-shape-bottom\" aria-hidden=\"true\" data-negative=\"true\">\n\t\t\t<svg xmlns=\"http:\/\/www.w3.org\/2000\/svg\" viewbox=\"0 0 283.5 27.8\" preserveaspectratio=\"xMidYMax slice\">\n\t<path class=\"elementor-shape-fill\" d=\"M265.8 3.5c-10.9 0-15.9 6.2-15.9 6.2s-3.6-3.5-9.2-.9c-9.1 4.1-4.4 13.4-4.4 13.4s-1.2.2-1.9.9c-.6.7-.5 1.9-.5 1.9s-1-.5-2.3-.2c-1.3.3-1.6 1.4-1.6 1.4s.4-3.4-1.5-5c-3.9-3.4-8.3-.2-8.3-.2s-.6-.7-.9-.9c-.4-.2-1.2-.2-1.2-.2s-4.4-3.6-11.5-2.6-10.4 7.9-10.4 7.9-.5-3.3-3.9-4.9c-4.8-2.4-7.4 0-7.4 0s2.4-4.1-1.9-6.4-6.2 1.2-6.2 1.2-.9-.5-2.1-.5-2.3 1.1-2.3 1.1.1-.7-1.1-1.1c-1.2-.4-2 0-2 0s3.6-6.8-3.5-8.9c-6-1.8-7.9 2.6-8.4 4-.1-.3-.4-.7-.9-1.1-1-.7-1.3-.5-1.3-.5s1-4-1.7-5.2c-2.7-1.2-4.2 1.1-4.2 1.1s-3.1-1-5.7 1.4-2.1 5.5-2.1 5.5-.9 0-2.1.7-1.4 1.7-1.4 1.7-1.7-1.2-4.3-1.2c-2.6 0-4.5 1.2-4.5 1.2s-.7-1.5-2.8-2.4c-2.1-.9-4 0-4 0s2.6-5.9-4.7-9c-7.3-3.1-12.6 3.3-12.6 3.3s-.9 0-1.9.2c-.9.2-1.5.9-1.5.9S99.4 3 94.9 3.9c-4.5.9-5.7 5.7-5.7 5.7s-2.8-5-12.3-3.9-11.1 6-11.1 6-1.2-1.4-4-.7c-.8.2-1.3.5-1.8.9-.9-2.1-2.7-4.9-6.2-4.4-3.2.4-4 2.2-4 2.2s-.5-.7-1.2-.7h-1.4s-.5-.9-1.7-1.4-2.4 0-2.4 0-2.4-1.2-4.7 0-3.1 4.1-3.1 4.1-1.7-1.4-3.6-.7c-1.9.7-1.9 2.8-1.9 2.8s-.5-.5-1.7-.2c-1.2.2-1.4.7-1.4.7s-.7-2.3-2.8-2.8c-2.1-.5-4.3.2-4.3.2s-1.7-5-11.1-6c-3.8-.4-6.6.2-8.5 1v21.2h283.5V11.1c-.9.2-1.6.4-1.6.4s-5.2-8-16.1-8z\"\/>\n<\/svg>\n\t\t<\/div>\n\t\t<div class=\"elementor-element elementor-element-d43e2a2 e-con-full e-flex e-con e-child\" data-id=\"d43e2a2\" data-element_type=\"container\">\n\t\t\t\t<div class=\"elementor-element elementor-element-50f8890 elementor-invisible elementor-widget elementor-widget-heading\" data-id=\"50f8890\" data-element_type=\"widget\" data-settings=\"{&quot;_animation&quot;:&quot;fadeInUp&quot;,&quot;_animation_delay&quot;:200}\" data-widget_type=\"heading.default\">\n\t\t\t\t\t<h1 class=\"elementor-heading-title elementor-size-default\">Despre noi<\/h1>\t\t\t\t<\/div>\n\t\t\t\t<\/div>\n\t\t\t\t\t<\/div>\n\t\t\t\t<\/div>\n\t\t<div class=\"elementor-element elementor-element-61cfb1c7 e-flex e-con-boxed e-con e-parent\" data-id=\"61cfb1c7\" data-element_type=\"container\">\n\t\t\t\t\t<div class=\"e-con-inner\">\n\t\t<div class=\"elementor-element elementor-element-baece7d e-con-full e-flex e-con e-child\" data-id=\"baece7d\" data-element_type=\"container\">\n\t\t\t\t<div class=\"elementor-element elementor-element-6099ef19 elementor-invisible elementor-widget elementor-widget-image\" data-id=\"6099ef19\" data-element_type=\"widget\" data-settings=\"{&quot;_animation&quot;:&quot;fadeIn&quot;,&quot;_animation_delay&quot;:200}\" data-widget_type=\"image.default\">\n\t\t\t\t\t\t\t\t\t\t\t\t\t\t\t<img fetchpriority=\"high\" decoding=\"async\" width=\"1600\" height=\"1215\" src=\"https:\/\/gradevluthoradea.com\/wp-content\/uploads\/2025\/11\/leiras.jpg\" class=\"attachment-full size-full wp-image-525\" alt=\"\" srcset=\"https:\/\/gradevluthoradea.com\/wp-content\/uploads\/2025\/11\/leiras.jpg 1600w, https:\/\/gradevluthoradea.com\/wp-content\/uploads\/2025\/11\/leiras-300x228.jpg 300w, https:\/\/gradevluthoradea.com\/wp-content\/uploads\/2025\/11\/leiras-1024x778.jpg 1024w, https:\/\/gradevluthoradea.com\/wp-content\/uploads\/2025\/11\/leiras-768x583.jpg 768w, https:\/\/gradevluthoradea.com\/wp-content\/uploads\/2025\/11\/leiras-1536x1166.jpg 1536w, https:\/\/gradevluthoradea.com\/wp-content\/uploads\/2025\/11\/leiras-16x12.jpg 16w\" sizes=\"(max-width: 1600px) 100vw, 1600px\" \/>\t\t\t\t\t\t\t\t\t\t\t\t\t\t\t<\/div>\n\t\t\t\t<\/div>\n\t\t<div class=\"elementor-element elementor-element-3a0d336f e-con-full e-flex elementor-invisible e-con e-child\" data-id=\"3a0d336f\" data-element_type=\"container\" data-settings=\"{&quot;animation&quot;:&quot;fadeInRight&quot;,&quot;animation_delay&quot;:300}\">\n\t\t\t\t<div class=\"elementor-element elementor-element-43186608 elementor-widget elementor-widget-heading\" data-id=\"43186608\" data-element_type=\"widget\" data-widget_type=\"heading.default\">\n\t\t\t\t\t<div class=\"elementor-heading-title elementor-size-default\">Gr\u0103dini\u021ba Evanghelic\u0103 din Oradea este deschis\u0103 de peste 20 de ani. \u00cen curtea bisericii, cl\u0103direa bisericii evanghelice g\u0103zduie\u0219te 3 grupe de gr\u0103dini\u021b\u0103 \u0219i 2 grupe de cre\u0219\u0103. Locul \u00een care se afl\u0103 gr\u0103dini\u021ba are caracteristici speciale, fiind \u00een inima ora\u0219ului Oradea, dar, \u00een acela\u0219i timp, o curte frumoas\u0103 invit\u0103 copiii s\u0103 se joace \u00een aer liber. Recent, \u00een curtea noastr\u0103 a fost construit\u0103 o sal\u0103 de sport, unde cei mici se pot mi\u0219ca, juca mingea, face jumping jacks \u0219i dansa dup\u0103 poft\u0103. Gr\u0103dini\u021ba noastr\u0103 centrat\u0103 pe copil este un loc prietenos cu familia, unde, \u00eentr-un spirit cre\u0219tin, experimentarea limbii \u0219i culturii noastre materne este primordial\u0103. Angaja\u021bii no\u0219tri \u00eei \u00eent\u00e2mpin\u0103 pe copiii curio\u0219i cu z\u00e2mbetul pe buze, \u0219tiind c\u0103 p\u0103rin\u021bii lor ne \u00eencredin\u021beaz\u0103 cea mai mare comoar\u0103 a lor. \u00cei \u00eencuraj\u0103m s\u0103 se mi\u0219te, s\u0103-\u0219i protejeze mediul \u0219i s\u0103-\u0219i accepte semenii, at\u00e2t \u00een \u200b\u200bcadrul activit\u0103\u021bilor noastre, c\u00e2t \u0219i \u00een jocuri libere. Credem c\u0103 programele organizate \u00eempreun\u0103 cu familiile \u0219i activit\u0103\u021bile din afara gr\u0103dini\u021bei ne ajut\u0103 s\u0103 ne cunoa\u0219tem mai bine copiii \u0219i unii pe al\u021bii \u0219i s\u0103 ne dezvolt\u0103m \u00eentr-o comunitate care poate fi de sprijin \u0219i sus\u021binere. Timpul petrecut \u00een gr\u0103dina gr\u0103dini\u021bei noastre este foarte pl\u0103cut \u0219i util, atunci c\u00e2nd plant\u0103m semin\u021be, compost\u0103m, plivim buruienile, ud\u0103m \u0219i culegem ierburi pentru deliciosul nostru ceai. Consider\u0103m c\u0103 este decisiv \u0219i important s\u0103 st\u00e2rnim interesul copiilor pentru arte. Un specialist \u00een arte vizuale le \u00eendrum\u0103 pensularea, iar un profesor de muzic\u0103 asigur\u0103 standardele \u00eenalte ale sursei pure \u00een educa\u021bia muzical\u0103. \u00cencerc\u0103m s\u0103 vizit\u0103m teatre de p\u0103pu\u0219i, s\u0103 ne plimb\u0103m pe malurile r\u00e2ului K\u00f6r\u00f6s \u0219i s\u0103 vedem expozi\u021bii. S\u0103rb\u0103torim zile speciale \u00een curtea gr\u0103dini\u021bei \u0219i, bine\u00een\u021beles, \u00een biserica noastr\u0103, prezent\u00e2nd cu gra\u021bie spectacolele noastre familiilor copiilor care vin la noi. Educ\u0103m prin jocuri \u0219i pove\u0219ti. Pentru aceasta, cerem binecuv\u00e2ntarea lui Dumnezeu asupra vie\u021bii noastre de zi cu zi!\n<\/div>\t\t\t\t<\/div>\n\t\t\t\t<div class=\"elementor-element elementor-element-6f7197a7 elementor-widget-divider--view-line elementor-widget elementor-widget-divider\" data-id=\"6f7197a7\" data-element_type=\"widget\" data-widget_type=\"divider.default\">\n\t\t\t\t\t\t\t<div class=\"elementor-divider\">\n\t\t\t<span class=\"elementor-divider-separator\">\n\t\t\t\t\t\t<\/span>\n\t\t<\/div>\n\t\t\t\t\t\t<\/div>\n\t\t\t\t<\/div>\n\t\t\t\t\t<\/div>\n\t\t\t\t<\/div>\n\t\t<div class=\"elementor-element elementor-element-ba43f01 e-flex e-con-boxed e-con e-parent\" data-id=\"ba43f01\" data-element_type=\"container\">\n\t\t\t\t\t<div class=\"e-con-inner\">\n\t\t\t\t<div class=\"elementor-element elementor-element-2639a3d elementor-widget elementor-widget-heading\" data-id=\"2639a3d\" data-element_type=\"widget\" data-widget_type=\"heading.default\">\n\t\t\t\t\t<h2 class=\"elementor-heading-title elementor-size-default\">VIZIUNEA NOASTR\u0102<\/h2>\t\t\t\t<\/div>\n\t\t\t\t\t<\/div>\n\t\t\t\t<\/div>\n\t\t<div class=\"elementor-element elementor-element-dd76d98 e-flex e-con-boxed e-con e-parent\" data-id=\"dd76d98\" data-element_type=\"container\">\n\t\t\t\t\t<div class=\"e-con-inner\">\n\t\t\t\t<div class=\"elementor-element elementor-element-4ae12ca elementor-widget elementor-widget-text-editor\" data-id=\"4ae12ca\" data-element_type=\"widget\" data-widget_type=\"text-editor.default\">\n\t\t\t\t\t\t\t\t\t<p>Viziunea Gr\u0103dini\u021bei Evanghelice Oradea:<br \/>Ne dorim ca timpul petrecut la gr\u0103dini\u021b\u0103 s\u0103 fie plin de experien\u021be fericite \u0219i utile pentru toat\u0103 lumea, dar mai ales pentru copii, din care s\u0103 se poat\u0103 inspira pentru a deveni oameni valoro\u0219i.<br \/>Scopul nostru este s\u0103 oferim o educa\u021bie de calitate copiilor de la gr\u0103dini\u021ba noastr\u0103.<br \/>Credem c\u0103 preg\u0103tirea profesorilor no\u0219tri este important\u0103 \u0219i merit\u0103 s\u0103 investe\u0219ti timp \u0219i energie, datorit\u0103 evolu\u021biilor pedagogice, metodologice, didactice \u0219i tehnologice.<br \/>Dorim s\u0103 oferim celor care apeleaz\u0103 la noi o educa\u021bie eficient\u0103, precum \u0219i exemple umane \u0219i cre\u0219tine, at\u00e2t pentru copii, c\u00e2t \u0219i pentru familiile lor.<br \/>Scopul nostru este s\u0103 devenim o comunitate ecumenic\u0103 care s\u0103 fie un punct de referin\u021b\u0103 \u00een aceast\u0103 parte a ora\u0219ului, d\u00e2nd un exemplu bun pentru cei care consider\u0103 acest lucru important.<\/p>\t\t\t\t\t\t\t\t<\/div>\n\t\t\t\t<div class=\"elementor-element elementor-element-ba0be06 elementor-widget-divider--separator-type-pattern elementor-widget-divider--view-line elementor-widget elementor-widget-divider\" data-id=\"ba0be06\" data-element_type=\"widget\" data-widget_type=\"divider.default\">\n\t\t\t\t\t\t\t<div class=\"elementor-divider\" style=\"--divider-pattern-url: url(&quot;data:image\/svg+xml,%3Csvg xmlns=&#039;http:\/\/www.w3.org\/2000\/svg&#039; preserveAspectRatio=&#039;none&#039; overflow=&#039;visible&#039; height=&#039;100%&#039; viewBox=&#039;0 0 24 24&#039; fill=&#039;none&#039; stroke=&#039;black&#039; stroke-width=&#039;1&#039; stroke-linecap=&#039;square&#039; stroke-miterlimit=&#039;10&#039;%3E%3Cpath d=&#039;M0,6c6,0,6,13,12,13S18,6,24,6&#039;\/%3E%3C\/svg%3E&quot;);\">\n\t\t\t<span class=\"elementor-divider-separator\">\n\t\t\t\t\t\t<\/span>\n\t\t<\/div>\n\t\t\t\t\t\t<\/div>\n\t\t\t\t\t<\/div>\n\t\t\t\t<\/div>\n\t\t<div class=\"elementor-element elementor-element-22077c9 e-flex e-con-boxed e-con e-parent\" data-id=\"22077c9\" data-element_type=\"container\">\n\t\t\t\t\t<div class=\"e-con-inner\">\n\t\t\t\t<div class=\"elementor-element elementor-element-39bf930 elementor-widget elementor-widget-heading\" data-id=\"39bf930\" data-element_type=\"widget\" data-widget_type=\"heading.default\">\n\t\t\t\t\t<h2 class=\"elementor-heading-title elementor-size-default\">MISIUNEA NOASTR\u0102<\/h2>\t\t\t\t<\/div>\n\t\t\t\t\t<\/div>\n\t\t\t\t<\/div>\n\t\t<div class=\"elementor-element elementor-element-f5c68c4 e-flex e-con-boxed e-con e-parent\" data-id=\"f5c68c4\" data-element_type=\"container\">\n\t\t\t\t\t<div class=\"e-con-inner\">\n\t\t\t\t<div class=\"elementor-element elementor-element-08f4f99 elementor-widget elementor-widget-text-editor\" data-id=\"08f4f99\" data-element_type=\"widget\" data-widget_type=\"text-editor.default\">\n\t\t\t\t\t\t\t\t\t<p>Misiunea institu\u021biei:<br \/>Ne propunem s\u0103 oferim o educa\u021bie complet\u0103 copiilor \u00eenscri\u0219i la gr\u0103dini\u021ba noastr\u0103, indiferent de originea lor religioas\u0103, etnic\u0103 sau social\u0103. Educa\u021bia \u00een gr\u0103dini\u021ba \u0219i cre\u0219a noastr\u0103 se bazeaz\u0103 pe principii cre\u0219tine, conform c\u0103rora via\u021ba este un dar, o valoare fundamental\u0103 d\u0103ruit\u0103 omului de c\u0103tre Dumnezeu. \u00cen acest sens, fiecare \u00ee\u0219i g\u0103se\u0219te locul \u0219i sensul \u00een propria via\u021b\u0103.<\/p>\t\t\t\t\t\t\t\t<\/div>\n\t\t\t\t<div class=\"elementor-element elementor-element-c955ad3 elementor-widget-divider--separator-type-pattern elementor-widget-divider--view-line elementor-widget elementor-widget-divider\" data-id=\"c955ad3\" data-element_type=\"widget\" data-widget_type=\"divider.default\">\n\t\t\t\t\t\t\t<div class=\"elementor-divider\" style=\"--divider-pattern-url: url(&quot;data:image\/svg+xml,%3Csvg xmlns=&#039;http:\/\/www.w3.org\/2000\/svg&#039; preserveAspectRatio=&#039;none&#039; overflow=&#039;visible&#039; height=&#039;100%&#039; viewBox=&#039;0 0 24 24&#039; fill=&#039;none&#039; stroke=&#039;black&#039; stroke-width=&#039;1&#039; stroke-linecap=&#039;square&#039; stroke-miterlimit=&#039;10&#039;%3E%3Cpath d=&#039;M0,6c6,0,6,13,12,13S18,6,24,6&#039;\/%3E%3C\/svg%3E&quot;);\">\n\t\t\t<span class=\"elementor-divider-separator\">\n\t\t\t\t\t\t<\/span>\n\t\t<\/div>\n\t\t\t\t\t\t<\/div>\n\t\t\t\t\t<\/div>\n\t\t\t\t<\/div>\n\t\t<div class=\"elementor-element elementor-element-660cb9d e-flex e-con-boxed e-con e-parent\" data-id=\"660cb9d\" data-element_type=\"container\">\n\t\t\t\t\t<div class=\"e-con-inner\">\n\t\t\t\t<div class=\"elementor-element elementor-element-601b7db elementor-button-info elementor-widget elementor-widget-button\" data-id=\"601b7db\" data-element_type=\"widget\" data-widget_type=\"button.default\">\n\t\t\t\t\t\t\t\t\t\t<a class=\"elementor-button elementor-button-link elementor-size-sm\" href=\"https:\/\/gradevluthoradea.com\/wp-content\/uploads\/2025\/11\/OFERTAEDUCATIONALA2025_2026.docx\" target=\"_blank\">\n\t\t\t\t\t\t<span class=\"elementor-button-content-wrapper\">\n\t\t\t\t\t\t\t\t\t<span class=\"elementor-button-text\">Oferta educa\u021bional\u0103 2025-2026 (click pentru desc\u0103rcare)<\/span>\n\t\t\t\t\t<\/span>\n\t\t\t\t\t<\/a>\n\t\t\t\t\t\t\t\t<\/div>\n\t\t\t\t\t<\/div>\n\t\t\t\t<\/div>\n\t\t<div class=\"elementor-element elementor-element-ea5542a e-flex e-con-boxed e-con e-parent\" data-id=\"ea5542a\" data-element_type=\"container\">\n\t\t\t\t\t<div class=\"e-con-inner\">\n\t\t\t\t\t<\/div>\n\t\t\t\t<\/div>\n\t\t\t\t<\/div>","protected":false},"excerpt":{"rendered":"<p>R\u00f3lunk A Nagyv\u00e1radi Evang\u00e9likus \u00d3voda imm\u00e1r t\u00f6bb mint 20 \u00e9ve nyitotta meg kapuit. A templom udvar\u00e1n, az evang\u00e9likus egyh\u00e1z \u00e9p\u00fclete ad otthont 3 \u00f3vodai \u00e9s 2 b\u00f6lcsis csoportnak. K\u00fcl\u00f6nleges adotts\u00e1gokkal rendelkezik a hely, ahol az \u00f3voda tal\u00e1lhat\u00f3, hiszen Nagyv\u00e1rad sz\u00edv\u00e9ben van, ugyanakkor gy\u00f6ny\u00f6r\u0171 udvar h\u00edvja a gyerekeket j\u00e1tszani a szabadba. Nemr\u00e9g az udvarunkon \u00e9p\u00fclt egy [&hellip;]<\/p>","protected":false},"author":1,"featured_media":0,"parent":0,"menu_order":0,"comment_status":"closed","ping_status":"closed","template":"elementor_header_footer","meta":{"footnotes":""},"class_list":["post-586","page","type-page","status-publish","hentry"],"yoast_head":"<!-- This site is optimized with the Yoast SEO Premium plugin v26.2 (Yoast SEO v26.2) - https:\/\/yoast.com\/wordpress\/plugins\/seo\/ -->\n<title>Nagyv\u00e1radi Evang\u00e9likus Luther\u00e1nus \u00d3voda \u2013 Hossz\u00fa Programmal<\/title>\n<meta name=\"description\" content=\"Szeretetteljes, biztons\u00e1gos \u00e9s j\u00e1t\u00e9kos tanul\u00e1si k\u00f6rnyezet Nagyv\u00e1radon. Fedezd fel luther\u00e1nus \u00f3vod\u00e1nkat hossz\u00fa programmal \u00e9s elhivatott pedag\u00f3gusokkal!\" \/>\n<meta name=\"robots\" content=\"index, follow, max-snippet:-1, max-image-preview:large, max-video-preview:-1\" \/>\n<link rel=\"canonical\" href=\"https:\/\/gradevluthoradea.com\/ro\/rolunk\/\" \/>\n<meta property=\"og:locale\" content=\"ro_RO\" \/>\n<meta property=\"og:type\" content=\"article\" \/>\n<meta property=\"og:title\" content=\"About us\" \/>\n<meta property=\"og:description\" content=\"Szeretetteljes, biztons\u00e1gos \u00e9s j\u00e1t\u00e9kos tanul\u00e1si k\u00f6rnyezet Nagyv\u00e1radon. Fedezd fel luther\u00e1nus \u00f3vod\u00e1nkat hossz\u00fa programmal \u00e9s elhivatott pedag\u00f3gusokkal!\" \/>\n<meta property=\"og:url\" content=\"https:\/\/gradevluthoradea.com\/ro\/rolunk\/\" \/>\n<meta property=\"og:site_name\" content=\"Nagyv\u00e1radi Evang\u00e9likus Luther\u00e1nus \u00d3voda Hossz\u00fa Programmal\" \/>\n<meta property=\"article:modified_time\" content=\"2025-11-11T10:59:18+00:00\" \/>\n<meta property=\"og:image\" content=\"https:\/\/gradevluthoradea.com\/wp-content\/uploads\/2025\/11\/leiras.jpg\" \/>\n\t<meta property=\"og:image:width\" content=\"1600\" \/>\n\t<meta property=\"og:image:height\" content=\"1215\" \/>\n\t<meta property=\"og:image:type\" content=\"image\/jpeg\" \/>\n<meta name=\"twitter:card\" content=\"summary_large_image\" \/>\n<meta name=\"twitter:label1\" content=\"Timp estimat pentru citire\" \/>\n\t<meta name=\"twitter:data1\" content=\"2 minute\" \/>\n<script type=\"application\/ld+json\" class=\"yoast-schema-graph\">{\"@context\":\"https:\/\/schema.org\",\"@graph\":[{\"@type\":\"WebPage\",\"@id\":\"https:\/\/gradevluthoradea.com\/rolunk\/\",\"url\":\"https:\/\/gradevluthoradea.com\/rolunk\/\",\"name\":\"Nagyv\u00e1radi Evang\u00e9likus Luther\u00e1nus \u00d3voda \u2013 Hossz\u00fa Programmal\",\"isPartOf\":{\"@id\":\"https:\/\/gradevluthoradea.com\/#website\"},\"primaryImageOfPage\":{\"@id\":\"https:\/\/gradevluthoradea.com\/rolunk\/#primaryimage\"},\"image\":{\"@id\":\"https:\/\/gradevluthoradea.com\/rolunk\/#primaryimage\"},\"thumbnailUrl\":\"https:\/\/gradevluthoradea.com\/wp-content\/uploads\/2025\/11\/leiras.jpg\",\"datePublished\":\"2025-11-09T13:04:11+00:00\",\"dateModified\":\"2025-11-11T10:59:18+00:00\",\"description\":\"Szeretetteljes, biztons\u00e1gos \u00e9s j\u00e1t\u00e9kos tanul\u00e1si k\u00f6rnyezet Nagyv\u00e1radon. Fedezd fel luther\u00e1nus \u00f3vod\u00e1nkat hossz\u00fa programmal \u00e9s elhivatott pedag\u00f3gusokkal!\",\"breadcrumb\":{\"@id\":\"https:\/\/gradevluthoradea.com\/rolunk\/#breadcrumb\"},\"inLanguage\":\"ro-RO\",\"potentialAction\":[{\"@type\":\"ReadAction\",\"target\":[\"https:\/\/gradevluthoradea.com\/rolunk\/\"]}]},{\"@type\":\"ImageObject\",\"inLanguage\":\"ro-RO\",\"@id\":\"https:\/\/gradevluthoradea.com\/rolunk\/#primaryimage\",\"url\":\"https:\/\/gradevluthoradea.com\/wp-content\/uploads\/2025\/11\/leiras.jpg\",\"contentUrl\":\"https:\/\/gradevluthoradea.com\/wp-content\/uploads\/2025\/11\/leiras.jpg\"},{\"@type\":\"BreadcrumbList\",\"@id\":\"https:\/\/gradevluthoradea.com\/rolunk\/#breadcrumb\",\"itemListElement\":[{\"@type\":\"ListItem\",\"position\":1,\"name\":\"Home\",\"item\":\"https:\/\/gradevluthoradea.com\/\"},{\"@type\":\"ListItem\",\"position\":2,\"name\":\"About us\"}]},{\"@type\":\"WebSite\",\"@id\":\"https:\/\/gradevluthoradea.com\/#website\",\"url\":\"https:\/\/gradevluthoradea.com\/\",\"name\":\"Nagyv\u00e1radi Evang\u00e9likus Luther\u00e1nus \u00d3voda (Hossz\u00fa Programmal)\",\"description\":\"\",\"publisher\":{\"@id\":\"https:\/\/gradevluthoradea.com\/#organization\"},\"potentialAction\":[{\"@type\":\"SearchAction\",\"target\":{\"@type\":\"EntryPoint\",\"urlTemplate\":\"https:\/\/gradevluthoradea.com\/?s={search_term_string}\"},\"query-input\":{\"@type\":\"PropertyValueSpecification\",\"valueRequired\":true,\"valueName\":\"search_term_string\"}}],\"inLanguage\":\"ro-RO\"},{\"@type\":\"Organization\",\"@id\":\"https:\/\/gradevluthoradea.com\/#organization\",\"name\":\"Nagyv\u00e1radi Evang\u00e9likus Luther\u00e1nus \u00d3voda (Hossz\u00fa Programmal)\",\"url\":\"https:\/\/gradevluthoradea.com\/\",\"logo\":{\"@type\":\"ImageObject\",\"inLanguage\":\"ro-RO\",\"@id\":\"https:\/\/gradevluthoradea.com\/#\/schema\/logo\/image\/\",\"url\":\"https:\/\/gradevluthoradea.com\/wp-content\/uploads\/2025\/10\/img_8.png\",\"contentUrl\":\"https:\/\/gradevluthoradea.com\/wp-content\/uploads\/2025\/10\/img_8.png\",\"width\":720,\"height\":720,\"caption\":\"Nagyv\u00e1radi Evang\u00e9likus Luther\u00e1nus \u00d3voda (Hossz\u00fa Programmal)\"},\"image\":{\"@id\":\"https:\/\/gradevluthoradea.com\/#\/schema\/logo\/image\/\"}}]}<\/script>\n<!-- \/ Yoast SEO Premium plugin. -->","yoast_head_json":{"title":"Gr\u0103dini\u021ba Evanghelic\u0103 Luteran\u0103 din Oradea \u2013 Cu Program Lung","description":"Un mediu de \u00eenv\u0103\u021bare iubitor, sigur \u0219i juc\u0103u\u0219 \u00een Oradea. Descoperi\u021bi gr\u0103dini\u021ba noastr\u0103 luteran\u0103 cu un program lung \u0219i profesori dedica\u021bi!","robots":{"index":"index","follow":"follow","max-snippet":"max-snippet:-1","max-image-preview":"max-image-preview:large","max-video-preview":"max-video-preview:-1"},"canonical":"https:\/\/gradevluthoradea.com\/ro\/rolunk\/","og_locale":"ro_RO","og_type":"article","og_title":"About us","og_description":"Szeretetteljes, biztons\u00e1gos \u00e9s j\u00e1t\u00e9kos tanul\u00e1si k\u00f6rnyezet Nagyv\u00e1radon. Fedezd fel luther\u00e1nus \u00f3vod\u00e1nkat hossz\u00fa programmal \u00e9s elhivatott pedag\u00f3gusokkal!","og_url":"https:\/\/gradevluthoradea.com\/ro\/rolunk\/","og_site_name":"Nagyv\u00e1radi Evang\u00e9likus Luther\u00e1nus \u00d3voda Hossz\u00fa Programmal","article_modified_time":"2025-11-11T10:59:18+00:00","og_image":[{"width":1600,"height":1215,"url":"https:\/\/gradevluthoradea.com\/wp-content\/uploads\/2025\/11\/leiras.jpg","type":"image\/jpeg"}],"twitter_card":"summary_large_image","twitter_misc":{"Timp estimat pentru citire":"2 minute"},"schema":{"@context":"https:\/\/schema.org","@graph":[{"@type":"WebPage","@id":"https:\/\/gradevluthoradea.com\/rolunk\/","url":"https:\/\/gradevluthoradea.com\/rolunk\/","name":"Gr\u0103dini\u021ba Evanghelic\u0103 Luteran\u0103 din Oradea \u2013 Cu Program Lung","isPartOf":{"@id":"https:\/\/gradevluthoradea.com\/#website"},"primaryImageOfPage":{"@id":"https:\/\/gradevluthoradea.com\/rolunk\/#primaryimage"},"image":{"@id":"https:\/\/gradevluthoradea.com\/rolunk\/#primaryimage"},"thumbnailUrl":"https:\/\/gradevluthoradea.com\/wp-content\/uploads\/2025\/11\/leiras.jpg","datePublished":"2025-11-09T13:04:11+00:00","dateModified":"2025-11-11T10:59:18+00:00","description":"Un mediu de \u00eenv\u0103\u021bare iubitor, sigur \u0219i juc\u0103u\u0219 \u00een Oradea. Descoperi\u021bi gr\u0103dini\u021ba noastr\u0103 luteran\u0103 cu un program lung \u0219i profesori dedica\u021bi!","breadcrumb":{"@id":"https:\/\/gradevluthoradea.com\/rolunk\/#breadcrumb"},"inLanguage":"ro-RO","potentialAction":[{"@type":"ReadAction","target":["https:\/\/gradevluthoradea.com\/rolunk\/"]}]},{"@type":"ImageObject","inLanguage":"ro-RO","@id":"https:\/\/gradevluthoradea.com\/rolunk\/#primaryimage","url":"https:\/\/gradevluthoradea.com\/wp-content\/uploads\/2025\/11\/leiras.jpg","contentUrl":"https:\/\/gradevluthoradea.com\/wp-content\/uploads\/2025\/11\/leiras.jpg"},{"@type":"BreadcrumbList","@id":"https:\/\/gradevluthoradea.com\/rolunk\/#breadcrumb","itemListElement":[{"@type":"ListItem","position":1,"name":"Home","item":"https:\/\/gradevluthoradea.com\/"},{"@type":"ListItem","position":2,"name":"About us"}]},{"@type":"WebSite","@id":"https:\/\/gradevluthoradea.com\/#website","url":"https:\/\/gradevluthoradea.com\/","name":"Gr\u0103dini\u021ba Evanghelic\u0103 Luteran\u0103 Oradea (cu Program Lung)","description":"","publisher":{"@id":"https:\/\/gradevluthoradea.com\/#organization"},"potentialAction":[{"@type":"SearchAction","target":{"@type":"EntryPoint","urlTemplate":"https:\/\/gradevluthoradea.com\/?s={search_term_string}"},"query-input":{"@type":"PropertyValueSpecification","valueRequired":true,"valueName":"search_term_string"}}],"inLanguage":"ro-RO"},{"@type":"Organization","@id":"https:\/\/gradevluthoradea.com\/#organization","name":"Gr\u0103dini\u021ba Evanghelic\u0103 Luteran\u0103 Oradea (cu Program Lung)","url":"https:\/\/gradevluthoradea.com\/","logo":{"@type":"ImageObject","inLanguage":"ro-RO","@id":"https:\/\/gradevluthoradea.com\/#\/schema\/logo\/image\/","url":"https:\/\/gradevluthoradea.com\/wp-content\/uploads\/2025\/10\/img_8.png","contentUrl":"https:\/\/gradevluthoradea.com\/wp-content\/uploads\/2025\/10\/img_8.png","width":720,"height":720,"caption":"Nagyv\u00e1radi Evang\u00e9likus Luther\u00e1nus \u00d3voda (Hossz\u00fa Programmal)"},"image":{"@id":"https:\/\/gradevluthoradea.com\/#\/schema\/logo\/image\/"}}]}},"_hostinger_reach_plugin_has_subscription_block":false,"_hostinger_reach_plugin_is_elementor":false,"_links":{"self":[{"href":"https:\/\/gradevluthoradea.com\/ro\/wp-json\/wp\/v2\/pages\/586","targetHints":{"allow":["GET"]}}],"collection":[{"href":"https:\/\/gradevluthoradea.com\/ro\/wp-json\/wp\/v2\/pages"}],"about":[{"href":"https:\/\/gradevluthoradea.com\/ro\/wp-json\/wp\/v2\/types\/page"}],"author":[{"embeddable":true,"href":"https:\/\/gradevluthoradea.com\/ro\/wp-json\/wp\/v2\/users\/1"}],"replies":[{"embeddable":true,"href":"https:\/\/gradevluthoradea.com\/ro\/wp-json\/wp\/v2\/comments?post=586"}],"version-history":[{"count":22,"href":"https:\/\/gradevluthoradea.com\/ro\/wp-json\/wp\/v2\/pages\/586\/revisions"}],"predecessor-version":[{"id":653,"href":"https:\/\/gradevluthoradea.com\/ro\/wp-json\/wp\/v2\/pages\/586\/revisions\/653"}],"wp:attachment":[{"href":"https:\/\/gradevluthoradea.com\/ro\/wp-json\/wp\/v2\/media?parent=586"}],"curies":[{"name":"wp","href":"https:\/\/api.w.org\/{rel}","templated":true}]}}